{"id":94,"date":"2024-07-31T14:21:50","date_gmt":"2024-07-31T14:21:50","guid":{"rendered":"https:\/\/rosybrown-crocodile-517359.hostingersite.com\/?page_id=94"},"modified":"2026-01-03T16:52:57","modified_gmt":"2026-01-03T16:52:57","slug":"steckbrief-bretonisches-ouessantschaf","status":"publish","type":"page","link":"https:\/\/ag-erhaltungszucht-ouessantschaf.de\/fr\/steckbrief-bretonisches-ouessantschaf\/","title":{"rendered":"Steckbrief"},"content":{"rendered":"<div data-elementor-type=\"wp-page\" data-elementor-id=\"94\" class=\"elementor elementor-94\">\n\t\t\t\t<div class=\"elementor-element elementor-element-2c2b8a7 e-con-full e-flex e-con e-parent\" data-id=\"2c2b8a7\" data-element_type=\"container\" data-e-type=\"container\" data-settings=\"{&quot;background_background&quot;:&quot;classic&quot;,&quot;animation&quot;:&quot;none&quot;}\">\n\t\t\t\t<div class=\"elementor-element elementor-element-3245ef3 elementor-widget__width-initial elementor-widget-mobile__width-initial elementor-widget elementor-widget-image\" data-id=\"3245ef3\" data-element_type=\"widget\" data-e-type=\"widget\" data-widget_type=\"image.default\">\n\t\t\t\t<div class=\"elementor-widget-container\">\n\t\t\t\t\t\t\t\t\t\t\t\t\t\t\t<img fetchpriority=\"high\" decoding=\"async\" width=\"1024\" height=\"396\" src=\"https:\/\/ag-erhaltungszucht-ouessantschaf.de\/wp-content\/uploads\/2025\/03\/AG_Logo_2018_V-Karte_front_black-e1741125016533-1024x396.png\" class=\"attachment-large size-large wp-image-712\" alt=\"\" srcset=\"https:\/\/ag-erhaltungszucht-ouessantschaf.de\/wp-content\/uploads\/2025\/03\/AG_Logo_2018_V-Karte_front_black-e1741125016533-1024x396.png 1024w, https:\/\/ag-erhaltungszucht-ouessantschaf.de\/wp-content\/uploads\/2025\/03\/AG_Logo_2018_V-Karte_front_black-e1741125016533-300x116.png 300w, https:\/\/ag-erhaltungszucht-ouessantschaf.de\/wp-content\/uploads\/2025\/03\/AG_Logo_2018_V-Karte_front_black-e1741125016533-768x297.png 768w, https:\/\/ag-erhaltungszucht-ouessantschaf.de\/wp-content\/uploads\/2025\/03\/AG_Logo_2018_V-Karte_front_black-e1741125016533.png 1053w\" sizes=\"(max-width: 1024px) 100vw, 1024px\" \/>\t\t\t\t\t\t\t\t\t\t\t\t\t\t\t<\/div>\n\t\t\t\t<\/div>\n\t\t\t\t<\/div>\n\t\t<div class=\"elementor-element elementor-element-c7c93d6 e-flex e-con-boxed e-con e-parent\" data-id=\"c7c93d6\" data-element_type=\"container\" data-e-type=\"container\" data-settings=\"{&quot;background_background&quot;:&quot;classic&quot;}\">\n\t\t\t\t\t<div class=\"e-con-inner\">\n\t\t<div class=\"elementor-element elementor-element-ae761ac e-con-full e-flex e-con e-child\" data-id=\"ae761ac\" data-element_type=\"container\" data-e-type=\"container\">\n\t\t\t\t<div class=\"elementor-element elementor-element-0bc0c4c elementor-widget elementor-widget-heading\" data-id=\"0bc0c4c\" data-element_type=\"widget\" data-e-type=\"widget\" data-settings=\"{&quot;_animation&quot;:&quot;none&quot;,&quot;_animation_delay&quot;:500}\" data-widget_type=\"heading.default\">\n\t\t\t\t<div class=\"elementor-widget-container\">\n\t\t\t\t\t<h1 class=\"elementor-heading-title elementor-size-default\">Steckbrief bretonisches Ouessantschaf<\/h1>\t\t\t\t<\/div>\n\t\t\t\t<\/div>\n\t\t\t\t<div class=\"elementor-element elementor-element-980e327 elementor-widget elementor-widget-text-editor\" data-id=\"980e327\" data-element_type=\"widget\" data-e-type=\"widget\" data-settings=\"{&quot;_animation_delay&quot;:500,&quot;_animation&quot;:&quot;none&quot;}\" data-widget_type=\"text-editor.default\">\n\t\t\t\t<div class=\"elementor-widget-container\">\n\t\t\t\t\t\t\t\t\t<p><strong>Herkunft:<\/strong> Das Ouessantschaf stammt von der franz\u00f6sischen Insel Ouessant in der Bretagne und ist eine alte, traditionelle Landschafrasse.<\/p><p><strong>Gr\u00f6\u00dfe:<\/strong> Sie sind eine der kleinsten Schafrassen der Welt. Die Widerristh\u00f6he betr\u00e4gt bei m\u00e4nnlichen Tieren (B\u00f6cken) unter 50 cm und bei Weiblichen (Auen) max. 46 cm.<\/p><p><strong>Fellfarbe:<\/strong> In der Erhaltungszucht wird darauf geachtet, die urspr\u00fcnglichen Farbvarianten schwarz und wei\u00df zu erhalten.<\/p><p><strong>Wolle:<\/strong> Die Wolle ist fein und dicht. Sie ist besonders zum Filzen und Spinnen und auch f\u00fcr die Herstellung von Textilien geeignet. &#8211; Temperament: Ouessantschafe sind bekannt f\u00fcr ihr aufmerksames und freundliches Wesen, was sie zu idealen Tieren f\u00fcr die Haltung in kleinen Herden macht.<\/p><p><strong>Nutzung:<\/strong> sie werden zur Landschaftspflege eingesetzt, da sie durch ihre kleinen Klauen und das leichte Gewicht einen besonders leichten Tritt haben. Deshalb werden sie gerne zur Erhaltung von Weidelandschaften und auch in Weinbergen gehalten.<\/p><p><strong>Haltung:<\/strong> Diese Schafe sind ideal f\u00fcr die Haltung in kleinen Herden und ben\u00f6tigen nicht viel Platz. Sie sind auch gut an raue Witterungsbedingungen angepasst.<\/p>\t\t\t\t\t\t\t\t<\/div>\n\t\t\t\t<\/div>\n\t\t\t\t<\/div>\n\t\t\t\t\t<\/div>\n\t\t\t\t<\/div>\n\t\t<div class=\"elementor-element elementor-element-37bb990 e-con-full e-flex e-con e-parent\" data-id=\"37bb990\" data-element_type=\"container\" data-e-type=\"container\">\n\t\t\t\t<div class=\"elementor-element elementor-element-5ff067b elementor-widget elementor-widget-image\" data-id=\"5ff067b\" data-element_type=\"widget\" data-e-type=\"widget\" data-widget_type=\"image.default\">\n\t\t\t\t<div class=\"elementor-widget-container\">\n\t\t\t\t\t\t\t\t\t\t\t\t\t\t\t<img decoding=\"async\" width=\"1024\" height=\"683\" src=\"https:\/\/ag-erhaltungszucht-ouessantschaf.de\/wp-content\/uploads\/2025\/03\/UBVZ9577-1024x683.jpg\" class=\"attachment-large size-large wp-image-629\" alt=\"\" srcset=\"https:\/\/ag-erhaltungszucht-ouessantschaf.de\/wp-content\/uploads\/2025\/03\/UBVZ9577-1024x683.jpg 1024w, https:\/\/ag-erhaltungszucht-ouessantschaf.de\/wp-content\/uploads\/2025\/03\/UBVZ9577-300x200.jpg 300w, https:\/\/ag-erhaltungszucht-ouessantschaf.de\/wp-content\/uploads\/2025\/03\/UBVZ9577-768x512.jpg 768w, https:\/\/ag-erhaltungszucht-ouessantschaf.de\/wp-content\/uploads\/2025\/03\/UBVZ9577.jpg 1080w\" sizes=\"(max-width: 1024px) 100vw, 1024px\" \/>\t\t\t\t\t\t\t\t\t\t\t\t\t\t\t<\/div>\n\t\t\t\t<\/div>\n\t\t\t\t<\/div>\n\t\t\t\t<section class=\"elementor-section elementor-top-section elementor-element elementor-element-522f019 elementor-section-content-top elementor-section-boxed elementor-section-height-default elementor-section-height-default\" data-id=\"522f019\" data-element_type=\"section\" data-e-type=\"section\" data-settings=\"{&quot;background_background&quot;:&quot;classic&quot;}\">\n\t\t\t\t\t\t<div class=\"elementor-container elementor-column-gap-default\">\n\t\t\t\t\t<div class=\"elementor-column elementor-col-33 elementor-top-column elementor-element elementor-element-a4aa914\" data-id=\"a4aa914\" data-element_type=\"column\" data-e-type=\"column\">\n\t\t\t<div class=\"elementor-widget-wrap elementor-element-populated\">\n\t\t\t\t\t\t<div class=\"elementor-element elementor-element-cd59a27 elementor-widget elementor-widget-heading\" data-id=\"cd59a27\" data-element_type=\"widget\" data-e-type=\"widget\" data-widget_type=\"heading.default\">\n\t\t\t\t<div class=\"elementor-widget-container\">\n\t\t\t\t\t<h2 class=\"elementor-heading-title elementor-size-default\">Arbeitsgemeinschaft<br>Erhaltungszucht<br>bretonisches<br>Ouessantschaf<\/h2>\t\t\t\t<\/div>\n\t\t\t\t<\/div>\n\t\t\t\t\t<\/div>\n\t\t<\/div>\n\t\t\t\t<div class=\"elementor-column elementor-col-33 elementor-top-column elementor-element elementor-element-9b536be\" data-id=\"9b536be\" data-element_type=\"column\" data-e-type=\"column\">\n\t\t\t<div class=\"elementor-widget-wrap elementor-element-populated\">\n\t\t\t\t\t\t<div class=\"elementor-element elementor-element-767e464 elementor-widget elementor-widget-heading\" data-id=\"767e464\" data-element_type=\"widget\" data-e-type=\"widget\" data-widget_type=\"heading.default\">\n\t\t\t\t<div class=\"elementor-widget-container\">\n\t\t\t\t\t<h2 class=\"elementor-heading-title elementor-size-default\">Kontakt<\/h2>\t\t\t\t<\/div>\n\t\t\t\t<\/div>\n\t\t\t\t<div class=\"elementor-element elementor-element-bc4cd0a elementor-widget elementor-widget-text-editor\" data-id=\"bc4cd0a\" data-element_type=\"widget\" data-e-type=\"widget\" data-widget_type=\"text-editor.default\">\n\t\t\t\t<div class=\"elementor-widget-container\">\n\t\t\t\t\t\t\t\t\t<p>J\u00fcrgen Schneider<br \/>26931 Elsfleth<br \/>0162 6889752 (zwischen 18-19:30 Uhr)<\/p><p>Cornelia Meyer<br \/>21368 Dahlem Harmstorf<br \/>05851 7434<br \/>taraxacum50@gmail.com<\/p><p>Arne Huch<br \/>21039 Hamburg<br \/>schafzuchtelbe@icloud.com<\/p>\t\t\t\t\t\t\t\t<\/div>\n\t\t\t\t<\/div>\n\t\t\t\t\t<\/div>\n\t\t<\/div>\n\t\t\t\t<div class=\"elementor-column elementor-col-33 elementor-top-column elementor-element elementor-element-1cd8b3a\" data-id=\"1cd8b3a\" data-element_type=\"column\" data-e-type=\"column\">\n\t\t\t<div class=\"elementor-widget-wrap elementor-element-populated\">\n\t\t\t\t\t\t<div class=\"elementor-element elementor-element-86b07e4 elementor-widget__width-initial elementor-widget elementor-widget-image\" data-id=\"86b07e4\" data-element_type=\"widget\" data-e-type=\"widget\" data-widget_type=\"image.default\">\n\t\t\t\t<div class=\"elementor-widget-container\">\n\t\t\t\t\t\t\t\t\t\t\t\t\t\t\t<img decoding=\"async\" width=\"884\" height=\"1024\" src=\"https:\/\/ag-erhaltungszucht-ouessantschaf.de\/wp-content\/uploads\/2025\/03\/AG_Logo_2018_Flyer_front_black-1-e1741123435195-884x1024.png\" class=\"attachment-large size-large wp-image-754\" alt=\"\" srcset=\"https:\/\/ag-erhaltungszucht-ouessantschaf.de\/wp-content\/uploads\/2025\/03\/AG_Logo_2018_Flyer_front_black-1-e1741123435195-884x1024.png 884w, https:\/\/ag-erhaltungszucht-ouessantschaf.de\/wp-content\/uploads\/2025\/03\/AG_Logo_2018_Flyer_front_black-1-e1741123435195-259x300.png 259w, https:\/\/ag-erhaltungszucht-ouessantschaf.de\/wp-content\/uploads\/2025\/03\/AG_Logo_2018_Flyer_front_black-1-e1741123435195-768x890.png 768w, https:\/\/ag-erhaltungszucht-ouessantschaf.de\/wp-content\/uploads\/2025\/03\/AG_Logo_2018_Flyer_front_black-1-e1741123435195-1325x1536.png 1325w, https:\/\/ag-erhaltungszucht-ouessantschaf.de\/wp-content\/uploads\/2025\/03\/AG_Logo_2018_Flyer_front_black-1-e1741123435195.png 1327w\" sizes=\"(max-width: 884px) 100vw, 884px\" \/>\t\t\t\t\t\t\t\t\t\t\t\t\t\t\t<\/div>\n\t\t\t\t<\/div>\n\t\t\t\t\t<\/div>\n\t\t<\/div>\n\t\t\t\t\t<\/div>\n\t\t<\/section>\n\t\t\t\t<\/div>","protected":false},"excerpt":{"rendered":"<p>Steckbrief bretonisches Ouessantschaf Herkunft: Das Ouessantschaf stammt von der franz\u00f6sischen Insel Ouessant in der Bretagne und ist eine alte, traditionelle Landschafrasse. Gr\u00f6\u00dfe: Sie sind eine der kleinsten Schafrassen der Welt. Die Widerristh\u00f6he betr\u00e4gt bei m\u00e4nnlichen Tieren (B\u00f6cken) unter 50 cm und bei Weiblichen (Auen) max. 46 cm. Fellfarbe: In der Erhaltungszucht wird darauf geachtet, die [&hellip;]<\/p>","protected":false},"author":1,"featured_media":0,"parent":0,"menu_order":0,"comment_status":"closed","ping_status":"closed","template":"","meta":{"ocean_post_layout":"full-screen","ocean_both_sidebars_style":"","ocean_both_sidebars_content_width":0,"ocean_both_sidebars_sidebars_width":0,"ocean_sidebar":"","ocean_second_sidebar":"","ocean_disable_margins":"enable","ocean_add_body_class":"","ocean_shortcode_before_top_bar":"","ocean_shortcode_after_top_bar":"","ocean_shortcode_before_header":"","ocean_shortcode_after_header":"","ocean_has_shortcode":"","ocean_shortcode_after_title":"","ocean_shortcode_before_footer_widgets":"","ocean_shortcode_after_footer_widgets":"","ocean_shortcode_before_footer_bottom":"","ocean_shortcode_after_footer_bottom":"","ocean_display_top_bar":"off","ocean_display_header":"default","ocean_header_style":"","ocean_center_header_left_menu":"","ocean_custom_header_template":"","ocean_custom_logo":0,"ocean_custom_retina_logo":0,"ocean_custom_logo_max_width":0,"ocean_custom_logo_tablet_max_width":0,"ocean_custom_logo_mobile_max_width":0,"ocean_custom_logo_max_height":0,"ocean_custom_logo_tablet_max_height":0,"ocean_custom_logo_mobile_max_height":0,"ocean_header_custom_menu":"","ocean_menu_typo_font_family":"","ocean_menu_typo_font_subset":"","ocean_menu_typo_font_size":0,"ocean_menu_typo_font_size_tablet":0,"ocean_menu_typo_font_size_mobile":0,"ocean_menu_typo_font_size_unit":"px","ocean_menu_typo_font_weight":"","ocean_menu_typo_font_weight_tablet":"","ocean_menu_typo_font_weight_mobile":"","ocean_menu_typo_transform":"","ocean_menu_typo_transform_tablet":"","ocean_menu_typo_transform_mobile":"","ocean_menu_typo_line_height":0,"ocean_menu_typo_line_height_tablet":0,"ocean_menu_typo_line_height_mobile":0,"ocean_menu_typo_line_height_unit":"","ocean_menu_typo_spacing":0,"ocean_menu_typo_spacing_tablet":0,"ocean_menu_typo_spacing_mobile":0,"ocean_menu_typo_spacing_unit":"","ocean_menu_link_color":"","ocean_menu_link_color_hover":"","ocean_menu_link_color_active":"","ocean_menu_link_background":"","ocean_menu_link_hover_background":"","ocean_menu_link_active_background":"","ocean_menu_social_links_bg":"","ocean_menu_social_hover_links_bg":"","ocean_menu_social_links_color":"","ocean_menu_social_hover_links_color":"","ocean_disable_title":"on","ocean_disable_heading":"default","ocean_post_title":"","ocean_post_subheading":"","ocean_post_title_style":"","ocean_post_title_background_color":"","ocean_post_title_background":0,"ocean_post_title_bg_image_position":"","ocean_post_title_bg_image_attachment":"","ocean_post_title_bg_image_repeat":"","ocean_post_title_bg_image_size":"","ocean_post_title_height":0,"ocean_post_title_bg_overlay":0.5,"ocean_post_title_bg_overlay_color":"","ocean_disable_breadcrumbs":"default","ocean_breadcrumbs_color":"","ocean_breadcrumbs_separator_color":"","ocean_breadcrumbs_links_color":"","ocean_breadcrumbs_links_hover_color":"","ocean_display_footer_widgets":"off","ocean_display_footer_bottom":"default","ocean_custom_footer_template":"","footnotes":""},"class_list":["post-94","page","type-page","status-publish","hentry","entry"],"yoast_head":"<!-- This site is optimized with the Yoast SEO plugin v27.4 - https:\/\/yoast.com\/product\/yoast-seo-wordpress\/ -->\n<title>Steckbrief - Ouessant AG Erhaltungszucht<\/title>\n<meta name=\"robots\" content=\"index, follow, max-snippet:-1, max-image-preview:large, max-video-preview:-1\" \/>\n<link rel=\"canonical\" href=\"https:\/\/ag-erhaltungszucht-ouessantschaf.de\/fr\/steckbrief-bretonisches-ouessantschaf\/\" \/>\n<meta property=\"og:locale\" content=\"fr_FR\" \/>\n<meta property=\"og:type\" content=\"article\" \/>\n<meta property=\"og:title\" content=\"Steckbrief - Ouessant AG Erhaltungszucht\" \/>\n<meta property=\"og:description\" content=\"Steckbrief bretonisches Ouessantschaf Herkunft: Das Ouessantschaf stammt von der franz\u00f6sischen Insel Ouessant in der Bretagne und ist eine alte, traditionelle Landschafrasse. Gr\u00f6\u00dfe: Sie sind eine der kleinsten Schafrassen der Welt. Die Widerristh\u00f6he betr\u00e4gt bei m\u00e4nnlichen Tieren (B\u00f6cken) unter 50 cm und bei Weiblichen (Auen) max. 46 cm. Fellfarbe: In der Erhaltungszucht wird darauf geachtet, die [&hellip;]\" \/>\n<meta property=\"og:url\" content=\"https:\/\/ag-erhaltungszucht-ouessantschaf.de\/fr\/steckbrief-bretonisches-ouessantschaf\/\" \/>\n<meta property=\"og:site_name\" content=\"Ouessant AG Erhaltungszucht\" \/>\n<meta property=\"article:modified_time\" content=\"2026-01-03T16:52:57+00:00\" \/>\n<meta property=\"og:image\" content=\"https:\/\/ag-erhaltungszucht-ouessantschaf.de\/wp-content\/uploads\/2025\/03\/AG_Logo_2018_V-Karte_front_black-e1741125016533-1024x396.png\" \/>\n<meta name=\"twitter:card\" content=\"summary_large_image\" \/>\n<meta name=\"twitter:label1\" content=\"Dur\u00e9e de lecture estim\u00e9e\" \/>\n\t<meta name=\"twitter:data1\" content=\"2 minutes\" \/>\n<script type=\"application\/ld+json\" class=\"yoast-schema-graph\">{\"@context\":\"https:\\\/\\\/schema.org\",\"@graph\":[{\"@type\":\"WebPage\",\"@id\":\"https:\\\/\\\/ag-erhaltungszucht-ouessantschaf.de\\\/steckbrief-bretonisches-ouessantschaf\\\/\",\"url\":\"https:\\\/\\\/ag-erhaltungszucht-ouessantschaf.de\\\/steckbrief-bretonisches-ouessantschaf\\\/\",\"name\":\"Steckbrief - Ouessant AG Erhaltungszucht\",\"isPartOf\":{\"@id\":\"https:\\\/\\\/rosybrown-crocodile-517359.hostingersite.com\\\/fr\\\/#website\"},\"primaryImageOfPage\":{\"@id\":\"https:\\\/\\\/ag-erhaltungszucht-ouessantschaf.de\\\/steckbrief-bretonisches-ouessantschaf\\\/#primaryimage\"},\"image\":{\"@id\":\"https:\\\/\\\/ag-erhaltungszucht-ouessantschaf.de\\\/steckbrief-bretonisches-ouessantschaf\\\/#primaryimage\"},\"thumbnailUrl\":\"https:\\\/\\\/ag-erhaltungszucht-ouessantschaf.de\\\/wp-content\\\/uploads\\\/2025\\\/03\\\/AG_Logo_2018_V-Karte_front_black-e1741125016533-1024x396.png\",\"datePublished\":\"2024-07-31T14:21:50+00:00\",\"dateModified\":\"2026-01-03T16:52:57+00:00\",\"breadcrumb\":{\"@id\":\"https:\\\/\\\/ag-erhaltungszucht-ouessantschaf.de\\\/steckbrief-bretonisches-ouessantschaf\\\/#breadcrumb\"},\"inLanguage\":\"fr-FR\",\"potentialAction\":[{\"@type\":\"ReadAction\",\"target\":[\"https:\\\/\\\/ag-erhaltungszucht-ouessantschaf.de\\\/steckbrief-bretonisches-ouessantschaf\\\/\"]}]},{\"@type\":\"ImageObject\",\"inLanguage\":\"fr-FR\",\"@id\":\"https:\\\/\\\/ag-erhaltungszucht-ouessantschaf.de\\\/steckbrief-bretonisches-ouessantschaf\\\/#primaryimage\",\"url\":\"https:\\\/\\\/ag-erhaltungszucht-ouessantschaf.de\\\/wp-content\\\/uploads\\\/2025\\\/03\\\/AG_Logo_2018_V-Karte_front_black-e1741125016533-1024x396.png\",\"contentUrl\":\"https:\\\/\\\/ag-erhaltungszucht-ouessantschaf.de\\\/wp-content\\\/uploads\\\/2025\\\/03\\\/AG_Logo_2018_V-Karte_front_black-e1741125016533-1024x396.png\"},{\"@type\":\"BreadcrumbList\",\"@id\":\"https:\\\/\\\/ag-erhaltungszucht-ouessantschaf.de\\\/steckbrief-bretonisches-ouessantschaf\\\/#breadcrumb\",\"itemListElement\":[{\"@type\":\"ListItem\",\"position\":1,\"name\":\"Startseite\",\"item\":\"https:\\\/\\\/rosybrown-crocodile-517359.hostingersite.com\\\/fr\\\/\"},{\"@type\":\"ListItem\",\"position\":2,\"name\":\"Steckbrief\"}]},{\"@type\":\"WebSite\",\"@id\":\"https:\\\/\\\/rosybrown-crocodile-517359.hostingersite.com\\\/fr\\\/#website\",\"url\":\"https:\\\/\\\/rosybrown-crocodile-517359.hostingersite.com\\\/fr\\\/\",\"name\":\"Ouessant AG Erhaltungszucht\",\"description\":\"Erhaltungszucht bretonisches Ouessantschaf\",\"potentialAction\":[{\"@type\":\"SearchAction\",\"target\":{\"@type\":\"EntryPoint\",\"urlTemplate\":\"https:\\\/\\\/rosybrown-crocodile-517359.hostingersite.com\\\/fr\\\/?s={search_term_string}\"},\"query-input\":{\"@type\":\"PropertyValueSpecification\",\"valueRequired\":true,\"valueName\":\"search_term_string\"}}],\"inLanguage\":\"fr-FR\"}]}<\/script>\n<!-- \/ Yoast SEO plugin. -->","yoast_head_json":{"title":"Steckbrief - Ouessant AG Erhaltungszucht","robots":{"index":"index","follow":"follow","max-snippet":"max-snippet:-1","max-image-preview":"max-image-preview:large","max-video-preview":"max-video-preview:-1"},"canonical":"https:\/\/ag-erhaltungszucht-ouessantschaf.de\/fr\/steckbrief-bretonisches-ouessantschaf\/","og_locale":"fr_FR","og_type":"article","og_title":"Steckbrief - Ouessant AG Erhaltungszucht","og_description":"Steckbrief bretonisches Ouessantschaf Herkunft: Das Ouessantschaf stammt von der franz\u00f6sischen Insel Ouessant in der Bretagne und ist eine alte, traditionelle Landschafrasse. Gr\u00f6\u00dfe: Sie sind eine der kleinsten Schafrassen der Welt. Die Widerristh\u00f6he betr\u00e4gt bei m\u00e4nnlichen Tieren (B\u00f6cken) unter 50 cm und bei Weiblichen (Auen) max. 46 cm. Fellfarbe: In der Erhaltungszucht wird darauf geachtet, die [&hellip;]","og_url":"https:\/\/ag-erhaltungszucht-ouessantschaf.de\/fr\/steckbrief-bretonisches-ouessantschaf\/","og_site_name":"Ouessant AG Erhaltungszucht","article_modified_time":"2026-01-03T16:52:57+00:00","og_image":[{"url":"https:\/\/ag-erhaltungszucht-ouessantschaf.de\/wp-content\/uploads\/2025\/03\/AG_Logo_2018_V-Karte_front_black-e1741125016533-1024x396.png","type":"","width":"","height":""}],"twitter_card":"summary_large_image","twitter_misc":{"Dur\u00e9e de lecture estim\u00e9e":"2 minutes"},"schema":{"@context":"https:\/\/schema.org","@graph":[{"@type":"WebPage","@id":"https:\/\/ag-erhaltungszucht-ouessantschaf.de\/steckbrief-bretonisches-ouessantschaf\/","url":"https:\/\/ag-erhaltungszucht-ouessantschaf.de\/steckbrief-bretonisches-ouessantschaf\/","name":"Steckbrief - Ouessant AG Erhaltungszucht","isPartOf":{"@id":"https:\/\/rosybrown-crocodile-517359.hostingersite.com\/fr\/#website"},"primaryImageOfPage":{"@id":"https:\/\/ag-erhaltungszucht-ouessantschaf.de\/steckbrief-bretonisches-ouessantschaf\/#primaryimage"},"image":{"@id":"https:\/\/ag-erhaltungszucht-ouessantschaf.de\/steckbrief-bretonisches-ouessantschaf\/#primaryimage"},"thumbnailUrl":"https:\/\/ag-erhaltungszucht-ouessantschaf.de\/wp-content\/uploads\/2025\/03\/AG_Logo_2018_V-Karte_front_black-e1741125016533-1024x396.png","datePublished":"2024-07-31T14:21:50+00:00","dateModified":"2026-01-03T16:52:57+00:00","breadcrumb":{"@id":"https:\/\/ag-erhaltungszucht-ouessantschaf.de\/steckbrief-bretonisches-ouessantschaf\/#breadcrumb"},"inLanguage":"fr-FR","potentialAction":[{"@type":"ReadAction","target":["https:\/\/ag-erhaltungszucht-ouessantschaf.de\/steckbrief-bretonisches-ouessantschaf\/"]}]},{"@type":"ImageObject","inLanguage":"fr-FR","@id":"https:\/\/ag-erhaltungszucht-ouessantschaf.de\/steckbrief-bretonisches-ouessantschaf\/#primaryimage","url":"https:\/\/ag-erhaltungszucht-ouessantschaf.de\/wp-content\/uploads\/2025\/03\/AG_Logo_2018_V-Karte_front_black-e1741125016533-1024x396.png","contentUrl":"https:\/\/ag-erhaltungszucht-ouessantschaf.de\/wp-content\/uploads\/2025\/03\/AG_Logo_2018_V-Karte_front_black-e1741125016533-1024x396.png"},{"@type":"BreadcrumbList","@id":"https:\/\/ag-erhaltungszucht-ouessantschaf.de\/steckbrief-bretonisches-ouessantschaf\/#breadcrumb","itemListElement":[{"@type":"ListItem","position":1,"name":"Startseite","item":"https:\/\/rosybrown-crocodile-517359.hostingersite.com\/fr\/"},{"@type":"ListItem","position":2,"name":"Steckbrief"}]},{"@type":"WebSite","@id":"https:\/\/rosybrown-crocodile-517359.hostingersite.com\/fr\/#website","url":"https:\/\/rosybrown-crocodile-517359.hostingersite.com\/fr\/","name":"Ouessant AG Erhaltungszucht","description":"Erhaltungszucht bretonisches Ouessantschaf","potentialAction":[{"@type":"SearchAction","target":{"@type":"EntryPoint","urlTemplate":"https:\/\/rosybrown-crocodile-517359.hostingersite.com\/fr\/?s={search_term_string}"},"query-input":{"@type":"PropertyValueSpecification","valueRequired":true,"valueName":"search_term_string"}}],"inLanguage":"fr-FR"}]}},"_links":{"self":[{"href":"https:\/\/ag-erhaltungszucht-ouessantschaf.de\/fr\/wp-json\/wp\/v2\/pages\/94","targetHints":{"allow":["GET"]}}],"collection":[{"href":"https:\/\/ag-erhaltungszucht-ouessantschaf.de\/fr\/wp-json\/wp\/v2\/pages"}],"about":[{"href":"https:\/\/ag-erhaltungszucht-ouessantschaf.de\/fr\/wp-json\/wp\/v2\/types\/page"}],"author":[{"embeddable":true,"href":"https:\/\/ag-erhaltungszucht-ouessantschaf.de\/fr\/wp-json\/wp\/v2\/users\/1"}],"replies":[{"embeddable":true,"href":"https:\/\/ag-erhaltungszucht-ouessantschaf.de\/fr\/wp-json\/wp\/v2\/comments?post=94"}],"version-history":[{"count":51,"href":"https:\/\/ag-erhaltungszucht-ouessantschaf.de\/fr\/wp-json\/wp\/v2\/pages\/94\/revisions"}],"predecessor-version":[{"id":1187,"href":"https:\/\/ag-erhaltungszucht-ouessantschaf.de\/fr\/wp-json\/wp\/v2\/pages\/94\/revisions\/1187"}],"wp:attachment":[{"href":"https:\/\/ag-erhaltungszucht-ouessantschaf.de\/fr\/wp-json\/wp\/v2\/media?parent=94"}],"curies":[{"name":"wp","href":"https:\/\/api.w.org\/{rel}","templated":true}]}}