{"id":113,"date":"2024-07-31T14:27:40","date_gmt":"2024-07-31T14:27:40","guid":{"rendered":"https:\/\/rosybrown-crocodile-517359.hostingersite.com\/?page_id=113"},"modified":"2026-01-03T16:58:07","modified_gmt":"2026-01-03T16:58:07","slug":"mitmachen-und-unterstutzen","status":"publish","type":"page","link":"https:\/\/ag-erhaltungszucht-ouessantschaf.de\/fr\/mitmachen-und-unterstutzen\/","title":{"rendered":"Mitmachen und unterst\u00fctzen"},"content":{"rendered":"<div data-elementor-type=\"wp-page\" data-elementor-id=\"113\" class=\"elementor elementor-113\">\n\t\t\t\t<div class=\"elementor-element elementor-element-bccbe40 e-con-full e-flex e-con e-parent\" data-id=\"bccbe40\" data-element_type=\"container\" data-e-type=\"container\" data-settings=\"{&quot;background_background&quot;:&quot;classic&quot;,&quot;animation&quot;:&quot;none&quot;}\">\n\t\t\t\t<div class=\"elementor-element elementor-element-c888534 elementor-widget__width-initial elementor-widget-mobile__width-initial elementor-widget elementor-widget-image\" data-id=\"c888534\" data-element_type=\"widget\" data-e-type=\"widget\" data-widget_type=\"image.default\">\n\t\t\t\t<div class=\"elementor-widget-container\">\n\t\t\t\t\t\t\t\t\t\t\t\t\t\t\t<img fetchpriority=\"high\" decoding=\"async\" width=\"1024\" height=\"396\" src=\"https:\/\/ag-erhaltungszucht-ouessantschaf.de\/wp-content\/uploads\/2025\/03\/AG_Logo_2018_V-Karte_front_black-e1741125016533-1024x396.png\" class=\"attachment-large size-large wp-image-712\" alt=\"\" srcset=\"https:\/\/ag-erhaltungszucht-ouessantschaf.de\/wp-content\/uploads\/2025\/03\/AG_Logo_2018_V-Karte_front_black-e1741125016533-1024x396.png 1024w, https:\/\/ag-erhaltungszucht-ouessantschaf.de\/wp-content\/uploads\/2025\/03\/AG_Logo_2018_V-Karte_front_black-e1741125016533-300x116.png 300w, https:\/\/ag-erhaltungszucht-ouessantschaf.de\/wp-content\/uploads\/2025\/03\/AG_Logo_2018_V-Karte_front_black-e1741125016533-768x297.png 768w, https:\/\/ag-erhaltungszucht-ouessantschaf.de\/wp-content\/uploads\/2025\/03\/AG_Logo_2018_V-Karte_front_black-e1741125016533.png 1053w\" sizes=\"(max-width: 1024px) 100vw, 1024px\" \/>\t\t\t\t\t\t\t\t\t\t\t\t\t\t\t<\/div>\n\t\t\t\t<\/div>\n\t\t\t\t<\/div>\n\t\t<div class=\"elementor-element elementor-element-4e65b18 e-flex e-con-boxed e-con e-parent\" data-id=\"4e65b18\" data-element_type=\"container\" data-e-type=\"container\" data-settings=\"{&quot;background_background&quot;:&quot;classic&quot;}\">\n\t\t\t\t\t<div class=\"e-con-inner\">\n\t\t<div class=\"elementor-element elementor-element-dfcfee1 e-con-full e-flex e-con e-child\" data-id=\"dfcfee1\" data-element_type=\"container\" data-e-type=\"container\">\n\t\t\t\t<div class=\"elementor-element elementor-element-56ba838 elementor-widget elementor-widget-heading\" data-id=\"56ba838\" data-element_type=\"widget\" data-e-type=\"widget\" data-settings=\"{&quot;_animation&quot;:&quot;none&quot;,&quot;_animation_delay&quot;:500}\" data-widget_type=\"heading.default\">\n\t\t\t\t<div class=\"elementor-widget-container\">\n\t\t\t\t\t<h1 class=\"elementor-heading-title elementor-size-default\">Wie kann ich die AG unterst\u00fctzen?<\/h1>\t\t\t\t<\/div>\n\t\t\t\t<\/div>\n\t\t\t\t<div class=\"elementor-element elementor-element-1d6ddb2 elementor-widget elementor-widget-text-editor\" data-id=\"1d6ddb2\" data-element_type=\"widget\" data-e-type=\"widget\" data-settings=\"{&quot;_animation_delay&quot;:500,&quot;_animation&quot;:&quot;none&quot;}\" data-widget_type=\"text-editor.default\">\n\t\t\t\t<div class=\"elementor-widget-container\">\n\t\t\t\t\t\t\t\t\t<p>Um die Erhaltung der Rasse Ouessant in ihrer urspr\u00fcnglichen Form langfristig sicherstellen zu k\u00f6nnen, ist die \u00d6ffentlichkeitsarbeit ein wichtiger Punkt, um neue Mitglieder f\u00fcr diese Art der Zucht zu gewinnen.<\/p>\n<p>Die Arbeitsgemeinschaft freut sich immer, wenn weitere Z\u00fcchter sich f\u00fcr eine Mitarbeit in der AG Erhaltungszucht begeistern k\u00f6nnen. Im Vorfeld k\u00f6nnen interessiere Halter sich gerne bei einem der beteiligten Z\u00fcchter umfassend \u00fcber die besonderen Anforderungen informieren. Es empfiehlt sich, eins der j\u00e4hrlichen AG Treffen zu besuchen, um sich einen ersten Eindruck zu verschaffen. Eine gute Zusammenarbeit unter den Mitgliedern ist eine wichtige Voraussetzung f\u00fcr den langfristigen Erhalt der genetischen Vielfalt. Auf Grund des kleinen Bestandes an weiblichen Schafen ist der Erhalt eigener Tiere oft erst nach l\u00e4ngerer&nbsp;<span style=\"font-size: 21px; letter-spacing: -0.4px;\">Wartezeit m\u00f6glich. Wer sich trotz der schwierigen Umst\u00e4nde f\u00fcr eine Mitgliedschaft entscheidet, ist herzlich willkommen!<\/span><\/p>\n<p>Bei den meisten gef\u00e4hrdeten Rassen ist die Zahl der m\u00e4nnlichen Tiere der Faktor, der den Inzuchtzuwachs am st\u00e4rksten beeinflusst. Dies kommt dadurch zustande, dass nicht jeder Z\u00fcchter die M\u00f6glichkeit hat, mehrere B\u00f6cke aufzuziehen und langfristig im Bestand zu halten. Damit sichergestellt werden kann, dass die Inzucht m\u00f6glichst gering bleibt, muss jedoch eine ausreichende Zahl von B\u00f6cken zur Verf\u00fcgung stehen. Das hei\u00dft, dass ein m\u00f6glichst enges Verh\u00e4ltnis der Geschlechter (m\u00e4nnliche Zuchttiere: weibliche Zuchttiere) anzustreben ist. Dies kann erreicht werden, indem nach M\u00f6glichkeit alle B\u00f6cke in den Best\u00e4nden der Z\u00fcchter verbleiben und zeitgleich in jedem Jahr die maximale Anzahl an Deckb\u00f6cken zum Einsatz kommt.<\/p>\n<p>Wer also nicht zwingend die Erhaltungszucht in seinem Bestand umsetzen m\u00f6chte, die Arbeitsgemeinschaft aber trotzdem unterst\u00fctzen m\u00f6chte, dem bietet sich die M\u00f6glichkeit, einen oder mehrere B\u00f6cke der AG bei sich in der Herde aufzunehmen. Diese B\u00f6cke k\u00f6nnen, sofern sie sich eignen, von den Besitzern f\u00fcr den Zuchteinsatz genutzt werden. Es kann allerdings vorkommen, dass AG-Z\u00fcchter den untergebrachten Bock ebenfalls einsetzen wollen. In diesem Fall h\u00e4tte ein Einsatz innerhalb der Arbeitsgemeinschaft immer Vorrang. Nichtsdestotrotz ist diese Art der Unterst\u00fctzung f\u00fcr die AG von enormer Wichtigkeit. Durch eine solche Mithilfe kann Erhaltungszucht langfristig funktionieren und der Bestand der Schafe gesichert werden.<\/p>\t\t\t\t\t\t\t\t<\/div>\n\t\t\t\t<\/div>\n\t\t\t\t<\/div>\n\t\t\t\t\t<\/div>\n\t\t\t\t<\/div>\n\t\t<div class=\"elementor-element elementor-element-c06823b e-con-full e-flex e-con e-parent\" data-id=\"c06823b\" data-element_type=\"container\" data-e-type=\"container\">\n\t\t\t\t<div class=\"elementor-element elementor-element-7e0773e elementor-widget elementor-widget-image\" data-id=\"7e0773e\" data-element_type=\"widget\" data-e-type=\"widget\" data-widget_type=\"image.default\">\n\t\t\t\t<div class=\"elementor-widget-container\">\n\t\t\t\t\t\t\t\t\t\t\t\t\t\t\t<img decoding=\"async\" width=\"1024\" height=\"683\" src=\"https:\/\/ag-erhaltungszucht-ouessantschaf.de\/wp-content\/uploads\/2025\/03\/IMG-20211022-WA0001-1024x683.jpg\" class=\"attachment-large size-large wp-image-578\" alt=\"\" srcset=\"https:\/\/ag-erhaltungszucht-ouessantschaf.de\/wp-content\/uploads\/2025\/03\/IMG-20211022-WA0001-1024x683.jpg 1024w, https:\/\/ag-erhaltungszucht-ouessantschaf.de\/wp-content\/uploads\/2025\/03\/IMG-20211022-WA0001-300x200.jpg 300w, https:\/\/ag-erhaltungszucht-ouessantschaf.de\/wp-content\/uploads\/2025\/03\/IMG-20211022-WA0001-768x512.jpg 768w, https:\/\/ag-erhaltungszucht-ouessantschaf.de\/wp-content\/uploads\/2025\/03\/IMG-20211022-WA0001-1536x1024.jpg 1536w, https:\/\/ag-erhaltungszucht-ouessantschaf.de\/wp-content\/uploads\/2025\/03\/IMG-20211022-WA0001.jpg 2048w\" sizes=\"(max-width: 1024px) 100vw, 1024px\" \/>\t\t\t\t\t\t\t\t\t\t\t\t\t\t\t<\/div>\n\t\t\t\t<\/div>\n\t\t\t\t<\/div>\n\t\t\t\t<section class=\"elementor-section elementor-top-section elementor-element elementor-element-c747a76 elementor-section-content-top elementor-section-boxed elementor-section-height-default elementor-section-height-default\" data-id=\"c747a76\" data-element_type=\"section\" data-e-type=\"section\" data-settings=\"{&quot;background_background&quot;:&quot;classic&quot;}\">\n\t\t\t\t\t\t<div class=\"elementor-container elementor-column-gap-default\">\n\t\t\t\t\t<div class=\"elementor-column elementor-col-33 elementor-top-column elementor-element elementor-element-43a14c9\" data-id=\"43a14c9\" data-element_type=\"column\" data-e-type=\"column\">\n\t\t\t<div class=\"elementor-widget-wrap elementor-element-populated\">\n\t\t\t\t\t\t<div class=\"elementor-element elementor-element-981f103 elementor-widget elementor-widget-heading\" data-id=\"981f103\" data-element_type=\"widget\" data-e-type=\"widget\" data-widget_type=\"heading.default\">\n\t\t\t\t<div class=\"elementor-widget-container\">\n\t\t\t\t\t<h2 class=\"elementor-heading-title elementor-size-default\">Arbeitsgemeinschaft<br>Erhaltungszucht<br>bretonisches<br>Ouessantschaf<\/h2>\t\t\t\t<\/div>\n\t\t\t\t<\/div>\n\t\t\t\t\t<\/div>\n\t\t<\/div>\n\t\t\t\t<div class=\"elementor-column elementor-col-33 elementor-top-column elementor-element elementor-element-4b61732\" data-id=\"4b61732\" data-element_type=\"column\" data-e-type=\"column\">\n\t\t\t<div class=\"elementor-widget-wrap elementor-element-populated\">\n\t\t\t\t\t\t<div class=\"elementor-element elementor-element-e684f26 elementor-widget elementor-widget-heading\" data-id=\"e684f26\" data-element_type=\"widget\" data-e-type=\"widget\" data-widget_type=\"heading.default\">\n\t\t\t\t<div class=\"elementor-widget-container\">\n\t\t\t\t\t<h2 class=\"elementor-heading-title elementor-size-default\">Kontakt<\/h2>\t\t\t\t<\/div>\n\t\t\t\t<\/div>\n\t\t\t\t<div class=\"elementor-element elementor-element-3f55532 elementor-widget elementor-widget-text-editor\" data-id=\"3f55532\" data-element_type=\"widget\" data-e-type=\"widget\" data-widget_type=\"text-editor.default\">\n\t\t\t\t<div class=\"elementor-widget-container\">\n\t\t\t\t\t\t\t\t\t<p>J\u00fcrgen Schneider<br \/>26931 Elsfleth<br \/>0162 6889752 (zwischen 18-19:30 Uhr)<\/p><p>Cornelia Meyer<br \/>21368 Dahlem Harmstorf<br \/>05851 7434<br \/>taraxacum50@gmail.com<\/p><p>Arne Huch<br \/>21039 Hamburg<br \/>schafzuchtelbe@icloud.com<\/p>\t\t\t\t\t\t\t\t<\/div>\n\t\t\t\t<\/div>\n\t\t\t\t\t<\/div>\n\t\t<\/div>\n\t\t\t\t<div class=\"elementor-column elementor-col-33 elementor-top-column elementor-element elementor-element-36b9b1d\" data-id=\"36b9b1d\" data-element_type=\"column\" data-e-type=\"column\">\n\t\t\t<div class=\"elementor-widget-wrap elementor-element-populated\">\n\t\t\t\t\t\t<div class=\"elementor-element elementor-element-702fa8f elementor-widget__width-initial elementor-widget elementor-widget-image\" data-id=\"702fa8f\" data-element_type=\"widget\" data-e-type=\"widget\" data-widget_type=\"image.default\">\n\t\t\t\t<div class=\"elementor-widget-container\">\n\t\t\t\t\t\t\t\t\t\t\t\t\t\t\t<img decoding=\"async\" width=\"884\" height=\"1024\" src=\"https:\/\/ag-erhaltungszucht-ouessantschaf.de\/wp-content\/uploads\/2025\/03\/AG_Logo_2018_Flyer_front_black-1-e1741123435195-884x1024.png\" class=\"attachment-large size-large wp-image-754\" alt=\"\" srcset=\"https:\/\/ag-erhaltungszucht-ouessantschaf.de\/wp-content\/uploads\/2025\/03\/AG_Logo_2018_Flyer_front_black-1-e1741123435195-884x1024.png 884w, https:\/\/ag-erhaltungszucht-ouessantschaf.de\/wp-content\/uploads\/2025\/03\/AG_Logo_2018_Flyer_front_black-1-e1741123435195-259x300.png 259w, https:\/\/ag-erhaltungszucht-ouessantschaf.de\/wp-content\/uploads\/2025\/03\/AG_Logo_2018_Flyer_front_black-1-e1741123435195-768x890.png 768w, https:\/\/ag-erhaltungszucht-ouessantschaf.de\/wp-content\/uploads\/2025\/03\/AG_Logo_2018_Flyer_front_black-1-e1741123435195-1325x1536.png 1325w, https:\/\/ag-erhaltungszucht-ouessantschaf.de\/wp-content\/uploads\/2025\/03\/AG_Logo_2018_Flyer_front_black-1-e1741123435195.png 1327w\" sizes=\"(max-width: 884px) 100vw, 884px\" \/>\t\t\t\t\t\t\t\t\t\t\t\t\t\t\t<\/div>\n\t\t\t\t<\/div>\n\t\t\t\t\t<\/div>\n\t\t<\/div>\n\t\t\t\t\t<\/div>\n\t\t<\/section>\n\t\t\t\t<\/div>","protected":false},"excerpt":{"rendered":"<p>Wie kann ich die AG unterst\u00fctzen? Um die Erhaltung der Rasse Ouessant in ihrer urspr\u00fcnglichen Form langfristig sicherstellen zu k\u00f6nnen, ist die \u00d6ffentlichkeitsarbeit ein wichtiger Punkt, um neue Mitglieder f\u00fcr diese Art der Zucht zu gewinnen. Die Arbeitsgemeinschaft freut sich immer, wenn weitere Z\u00fcchter sich f\u00fcr eine Mitarbeit in der AG Erhaltungszucht begeistern k\u00f6nnen. Im [&hellip;]<\/p>","protected":false},"author":1,"featured_media":0,"parent":0,"menu_order":0,"comment_status":"closed","ping_status":"closed","template":"","meta":{"ocean_post_layout":"full-screen","ocean_both_sidebars_style":"","ocean_both_sidebars_content_width":0,"ocean_both_sidebars_sidebars_width":0,"ocean_sidebar":"","ocean_second_sidebar":"","ocean_disable_margins":"enable","ocean_add_body_class":"","ocean_shortcode_before_top_bar":"","ocean_shortcode_after_top_bar":"","ocean_shortcode_before_header":"","ocean_shortcode_after_header":"","ocean_has_shortcode":"","ocean_shortcode_after_title":"","ocean_shortcode_before_footer_widgets":"","ocean_shortcode_after_footer_widgets":"","ocean_shortcode_before_footer_bottom":"","ocean_shortcode_after_footer_bottom":"","ocean_display_top_bar":"off","ocean_display_header":"default","ocean_header_style":"","ocean_center_header_left_menu":"","ocean_custom_header_template":"","ocean_custom_logo":0,"ocean_custom_retina_logo":0,"ocean_custom_logo_max_width":0,"ocean_custom_logo_tablet_max_width":0,"ocean_custom_logo_mobile_max_width":0,"ocean_custom_logo_max_height":0,"ocean_custom_logo_tablet_max_height":0,"ocean_custom_logo_mobile_max_height":0,"ocean_header_custom_menu":"","ocean_menu_typo_font_family":"","ocean_menu_typo_font_subset":"","ocean_menu_typo_font_size":0,"ocean_menu_typo_font_size_tablet":0,"ocean_menu_typo_font_size_mobile":0,"ocean_menu_typo_font_size_unit":"px","ocean_menu_typo_font_weight":"","ocean_menu_typo_font_weight_tablet":"","ocean_menu_typo_font_weight_mobile":"","ocean_menu_typo_transform":"","ocean_menu_typo_transform_tablet":"","ocean_menu_typo_transform_mobile":"","ocean_menu_typo_line_height":0,"ocean_menu_typo_line_height_tablet":0,"ocean_menu_typo_line_height_mobile":0,"ocean_menu_typo_line_height_unit":"","ocean_menu_typo_spacing":0,"ocean_menu_typo_spacing_tablet":0,"ocean_menu_typo_spacing_mobile":0,"ocean_menu_typo_spacing_unit":"","ocean_menu_link_color":"","ocean_menu_link_color_hover":"","ocean_menu_link_color_active":"","ocean_menu_link_background":"","ocean_menu_link_hover_background":"","ocean_menu_link_active_background":"","ocean_menu_social_links_bg":"","ocean_menu_social_hover_links_bg":"","ocean_menu_social_links_color":"","ocean_menu_social_hover_links_color":"","ocean_disable_title":"on","ocean_disable_heading":"default","ocean_post_title":"","ocean_post_subheading":"","ocean_post_title_style":"","ocean_post_title_background_color":"","ocean_post_title_background":0,"ocean_post_title_bg_image_position":"","ocean_post_title_bg_image_attachment":"","ocean_post_title_bg_image_repeat":"","ocean_post_title_bg_image_size":"","ocean_post_title_height":0,"ocean_post_title_bg_overlay":0.5,"ocean_post_title_bg_overlay_color":"","ocean_disable_breadcrumbs":"default","ocean_breadcrumbs_color":"","ocean_breadcrumbs_separator_color":"","ocean_breadcrumbs_links_color":"","ocean_breadcrumbs_links_hover_color":"","ocean_display_footer_widgets":"off","ocean_display_footer_bottom":"default","ocean_custom_footer_template":"","footnotes":""},"class_list":["post-113","page","type-page","status-publish","hentry","entry"],"yoast_head":"<!-- This site is optimized with the Yoast SEO plugin v27.4 - https:\/\/yoast.com\/product\/yoast-seo-wordpress\/ -->\n<title>Mitmachen und unterst\u00fctzen - Ouessant AG Erhaltungszucht<\/title>\n<meta name=\"robots\" content=\"index, follow, max-snippet:-1, max-image-preview:large, max-video-preview:-1\" \/>\n<link rel=\"canonical\" href=\"https:\/\/ag-erhaltungszucht-ouessantschaf.de\/fr\/mitmachen-und-unterstutzen\/\" \/>\n<meta property=\"og:locale\" content=\"fr_FR\" \/>\n<meta property=\"og:type\" content=\"article\" \/>\n<meta property=\"og:title\" content=\"Mitmachen und unterst\u00fctzen - Ouessant AG Erhaltungszucht\" \/>\n<meta property=\"og:description\" content=\"Wie kann ich die AG unterst\u00fctzen? Um die Erhaltung der Rasse Ouessant in ihrer urspr\u00fcnglichen Form langfristig sicherstellen zu k\u00f6nnen, ist die \u00d6ffentlichkeitsarbeit ein wichtiger Punkt, um neue Mitglieder f\u00fcr diese Art der Zucht zu gewinnen. Die Arbeitsgemeinschaft freut sich immer, wenn weitere Z\u00fcchter sich f\u00fcr eine Mitarbeit in der AG Erhaltungszucht begeistern k\u00f6nnen. Im [&hellip;]\" \/>\n<meta property=\"og:url\" content=\"https:\/\/ag-erhaltungszucht-ouessantschaf.de\/fr\/mitmachen-und-unterstutzen\/\" \/>\n<meta property=\"og:site_name\" content=\"Ouessant AG Erhaltungszucht\" \/>\n<meta property=\"article:modified_time\" content=\"2026-01-03T16:58:07+00:00\" \/>\n<meta property=\"og:image\" content=\"https:\/\/ag-erhaltungszucht-ouessantschaf.de\/wp-content\/uploads\/2025\/03\/AG_Logo_2018_V-Karte_front_black-e1741125016533-1024x396.png\" \/>\n<meta name=\"twitter:card\" content=\"summary_large_image\" \/>\n<meta name=\"twitter:label1\" content=\"Dur\u00e9e de lecture estim\u00e9e\" \/>\n\t<meta name=\"twitter:data1\" content=\"3 minutes\" \/>\n<script type=\"application\/ld+json\" class=\"yoast-schema-graph\">{\"@context\":\"https:\\\/\\\/schema.org\",\"@graph\":[{\"@type\":\"WebPage\",\"@id\":\"https:\\\/\\\/ag-erhaltungszucht-ouessantschaf.de\\\/mitmachen-und-unterstutzen\\\/\",\"url\":\"https:\\\/\\\/ag-erhaltungszucht-ouessantschaf.de\\\/mitmachen-und-unterstutzen\\\/\",\"name\":\"Mitmachen und unterst\u00fctzen - Ouessant AG Erhaltungszucht\",\"isPartOf\":{\"@id\":\"https:\\\/\\\/rosybrown-crocodile-517359.hostingersite.com\\\/fr\\\/#website\"},\"primaryImageOfPage\":{\"@id\":\"https:\\\/\\\/ag-erhaltungszucht-ouessantschaf.de\\\/mitmachen-und-unterstutzen\\\/#primaryimage\"},\"image\":{\"@id\":\"https:\\\/\\\/ag-erhaltungszucht-ouessantschaf.de\\\/mitmachen-und-unterstutzen\\\/#primaryimage\"},\"thumbnailUrl\":\"https:\\\/\\\/ag-erhaltungszucht-ouessantschaf.de\\\/wp-content\\\/uploads\\\/2025\\\/03\\\/AG_Logo_2018_V-Karte_front_black-e1741125016533-1024x396.png\",\"datePublished\":\"2024-07-31T14:27:40+00:00\",\"dateModified\":\"2026-01-03T16:58:07+00:00\",\"breadcrumb\":{\"@id\":\"https:\\\/\\\/ag-erhaltungszucht-ouessantschaf.de\\\/mitmachen-und-unterstutzen\\\/#breadcrumb\"},\"inLanguage\":\"fr-FR\",\"potentialAction\":[{\"@type\":\"ReadAction\",\"target\":[\"https:\\\/\\\/ag-erhaltungszucht-ouessantschaf.de\\\/mitmachen-und-unterstutzen\\\/\"]}]},{\"@type\":\"ImageObject\",\"inLanguage\":\"fr-FR\",\"@id\":\"https:\\\/\\\/ag-erhaltungszucht-ouessantschaf.de\\\/mitmachen-und-unterstutzen\\\/#primaryimage\",\"url\":\"https:\\\/\\\/ag-erhaltungszucht-ouessantschaf.de\\\/wp-content\\\/uploads\\\/2025\\\/03\\\/AG_Logo_2018_V-Karte_front_black-e1741125016533-1024x396.png\",\"contentUrl\":\"https:\\\/\\\/ag-erhaltungszucht-ouessantschaf.de\\\/wp-content\\\/uploads\\\/2025\\\/03\\\/AG_Logo_2018_V-Karte_front_black-e1741125016533-1024x396.png\"},{\"@type\":\"BreadcrumbList\",\"@id\":\"https:\\\/\\\/ag-erhaltungszucht-ouessantschaf.de\\\/mitmachen-und-unterstutzen\\\/#breadcrumb\",\"itemListElement\":[{\"@type\":\"ListItem\",\"position\":1,\"name\":\"Startseite\",\"item\":\"https:\\\/\\\/rosybrown-crocodile-517359.hostingersite.com\\\/fr\\\/\"},{\"@type\":\"ListItem\",\"position\":2,\"name\":\"Mitmachen und unterst\u00fctzen\"}]},{\"@type\":\"WebSite\",\"@id\":\"https:\\\/\\\/rosybrown-crocodile-517359.hostingersite.com\\\/fr\\\/#website\",\"url\":\"https:\\\/\\\/rosybrown-crocodile-517359.hostingersite.com\\\/fr\\\/\",\"name\":\"Ouessant AG Erhaltungszucht\",\"description\":\"Erhaltungszucht bretonisches Ouessantschaf\",\"potentialAction\":[{\"@type\":\"SearchAction\",\"target\":{\"@type\":\"EntryPoint\",\"urlTemplate\":\"https:\\\/\\\/rosybrown-crocodile-517359.hostingersite.com\\\/fr\\\/?s={search_term_string}\"},\"query-input\":{\"@type\":\"PropertyValueSpecification\",\"valueRequired\":true,\"valueName\":\"search_term_string\"}}],\"inLanguage\":\"fr-FR\"}]}<\/script>\n<!-- \/ Yoast SEO plugin. -->","yoast_head_json":{"title":"Mitmachen und unterst\u00fctzen - Ouessant AG Erhaltungszucht","robots":{"index":"index","follow":"follow","max-snippet":"max-snippet:-1","max-image-preview":"max-image-preview:large","max-video-preview":"max-video-preview:-1"},"canonical":"https:\/\/ag-erhaltungszucht-ouessantschaf.de\/fr\/mitmachen-und-unterstutzen\/","og_locale":"fr_FR","og_type":"article","og_title":"Mitmachen und unterst\u00fctzen - Ouessant AG Erhaltungszucht","og_description":"Wie kann ich die AG unterst\u00fctzen? Um die Erhaltung der Rasse Ouessant in ihrer urspr\u00fcnglichen Form langfristig sicherstellen zu k\u00f6nnen, ist die \u00d6ffentlichkeitsarbeit ein wichtiger Punkt, um neue Mitglieder f\u00fcr diese Art der Zucht zu gewinnen. Die Arbeitsgemeinschaft freut sich immer, wenn weitere Z\u00fcchter sich f\u00fcr eine Mitarbeit in der AG Erhaltungszucht begeistern k\u00f6nnen. Im [&hellip;]","og_url":"https:\/\/ag-erhaltungszucht-ouessantschaf.de\/fr\/mitmachen-und-unterstutzen\/","og_site_name":"Ouessant AG Erhaltungszucht","article_modified_time":"2026-01-03T16:58:07+00:00","og_image":[{"url":"https:\/\/ag-erhaltungszucht-ouessantschaf.de\/wp-content\/uploads\/2025\/03\/AG_Logo_2018_V-Karte_front_black-e1741125016533-1024x396.png","type":"","width":"","height":""}],"twitter_card":"summary_large_image","twitter_misc":{"Dur\u00e9e de lecture estim\u00e9e":"3 minutes"},"schema":{"@context":"https:\/\/schema.org","@graph":[{"@type":"WebPage","@id":"https:\/\/ag-erhaltungszucht-ouessantschaf.de\/mitmachen-und-unterstutzen\/","url":"https:\/\/ag-erhaltungszucht-ouessantschaf.de\/mitmachen-und-unterstutzen\/","name":"Mitmachen und unterst\u00fctzen - Ouessant AG Erhaltungszucht","isPartOf":{"@id":"https:\/\/rosybrown-crocodile-517359.hostingersite.com\/fr\/#website"},"primaryImageOfPage":{"@id":"https:\/\/ag-erhaltungszucht-ouessantschaf.de\/mitmachen-und-unterstutzen\/#primaryimage"},"image":{"@id":"https:\/\/ag-erhaltungszucht-ouessantschaf.de\/mitmachen-und-unterstutzen\/#primaryimage"},"thumbnailUrl":"https:\/\/ag-erhaltungszucht-ouessantschaf.de\/wp-content\/uploads\/2025\/03\/AG_Logo_2018_V-Karte_front_black-e1741125016533-1024x396.png","datePublished":"2024-07-31T14:27:40+00:00","dateModified":"2026-01-03T16:58:07+00:00","breadcrumb":{"@id":"https:\/\/ag-erhaltungszucht-ouessantschaf.de\/mitmachen-und-unterstutzen\/#breadcrumb"},"inLanguage":"fr-FR","potentialAction":[{"@type":"ReadAction","target":["https:\/\/ag-erhaltungszucht-ouessantschaf.de\/mitmachen-und-unterstutzen\/"]}]},{"@type":"ImageObject","inLanguage":"fr-FR","@id":"https:\/\/ag-erhaltungszucht-ouessantschaf.de\/mitmachen-und-unterstutzen\/#primaryimage","url":"https:\/\/ag-erhaltungszucht-ouessantschaf.de\/wp-content\/uploads\/2025\/03\/AG_Logo_2018_V-Karte_front_black-e1741125016533-1024x396.png","contentUrl":"https:\/\/ag-erhaltungszucht-ouessantschaf.de\/wp-content\/uploads\/2025\/03\/AG_Logo_2018_V-Karte_front_black-e1741125016533-1024x396.png"},{"@type":"BreadcrumbList","@id":"https:\/\/ag-erhaltungszucht-ouessantschaf.de\/mitmachen-und-unterstutzen\/#breadcrumb","itemListElement":[{"@type":"ListItem","position":1,"name":"Startseite","item":"https:\/\/rosybrown-crocodile-517359.hostingersite.com\/fr\/"},{"@type":"ListItem","position":2,"name":"Mitmachen und unterst\u00fctzen"}]},{"@type":"WebSite","@id":"https:\/\/rosybrown-crocodile-517359.hostingersite.com\/fr\/#website","url":"https:\/\/rosybrown-crocodile-517359.hostingersite.com\/fr\/","name":"Ouessant AG Erhaltungszucht","description":"Erhaltungszucht bretonisches Ouessantschaf","potentialAction":[{"@type":"SearchAction","target":{"@type":"EntryPoint","urlTemplate":"https:\/\/rosybrown-crocodile-517359.hostingersite.com\/fr\/?s={search_term_string}"},"query-input":{"@type":"PropertyValueSpecification","valueRequired":true,"valueName":"search_term_string"}}],"inLanguage":"fr-FR"}]}},"_links":{"self":[{"href":"https:\/\/ag-erhaltungszucht-ouessantschaf.de\/fr\/wp-json\/wp\/v2\/pages\/113","targetHints":{"allow":["GET"]}}],"collection":[{"href":"https:\/\/ag-erhaltungszucht-ouessantschaf.de\/fr\/wp-json\/wp\/v2\/pages"}],"about":[{"href":"https:\/\/ag-erhaltungszucht-ouessantschaf.de\/fr\/wp-json\/wp\/v2\/types\/page"}],"author":[{"embeddable":true,"href":"https:\/\/ag-erhaltungszucht-ouessantschaf.de\/fr\/wp-json\/wp\/v2\/users\/1"}],"replies":[{"embeddable":true,"href":"https:\/\/ag-erhaltungszucht-ouessantschaf.de\/fr\/wp-json\/wp\/v2\/comments?post=113"}],"version-history":[{"count":59,"href":"https:\/\/ag-erhaltungszucht-ouessantschaf.de\/fr\/wp-json\/wp\/v2\/pages\/113\/revisions"}],"predecessor-version":[{"id":1202,"href":"https:\/\/ag-erhaltungszucht-ouessantschaf.de\/fr\/wp-json\/wp\/v2\/pages\/113\/revisions\/1202"}],"wp:attachment":[{"href":"https:\/\/ag-erhaltungszucht-ouessantschaf.de\/fr\/wp-json\/wp\/v2\/media?parent=113"}],"curies":[{"name":"wp","href":"https:\/\/api.w.org\/{rel}","templated":true}]}}