{"id":111,"date":"2024-07-31T14:27:04","date_gmt":"2024-07-31T14:27:04","guid":{"rendered":"https:\/\/rosybrown-crocodile-517359.hostingersite.com\/?page_id=111"},"modified":"2026-01-03T16:52:23","modified_gmt":"2026-01-03T16:52:23","slug":"erhaltungszucht","status":"publish","type":"page","link":"https:\/\/ag-erhaltungszucht-ouessantschaf.de\/fr\/erhaltungszucht\/","title":{"rendered":"Grundsatzerkl\u00e4rung"},"content":{"rendered":"<div data-elementor-type=\"wp-page\" data-elementor-id=\"111\" class=\"elementor elementor-111\">\n\t\t\t\t<div class=\"elementor-element elementor-element-c02d0c7 e-con-full e-flex e-con e-parent\" data-id=\"c02d0c7\" data-element_type=\"container\" data-e-type=\"container\" data-settings=\"{&quot;background_background&quot;:&quot;classic&quot;,&quot;animation&quot;:&quot;none&quot;}\">\n\t\t\t\t<div class=\"elementor-element elementor-element-858f0c8 elementor-widget__width-initial elementor-widget-mobile__width-initial elementor-widget elementor-widget-image\" data-id=\"858f0c8\" data-element_type=\"widget\" data-e-type=\"widget\" data-widget_type=\"image.default\">\n\t\t\t\t<div class=\"elementor-widget-container\">\n\t\t\t\t\t\t\t\t\t\t\t\t\t\t\t<img fetchpriority=\"high\" decoding=\"async\" width=\"1024\" height=\"396\" src=\"https:\/\/ag-erhaltungszucht-ouessantschaf.de\/wp-content\/uploads\/2025\/03\/AG_Logo_2018_V-Karte_front_black-e1741125016533-1024x396.png\" class=\"attachment-large size-large wp-image-712\" alt=\"\" srcset=\"https:\/\/ag-erhaltungszucht-ouessantschaf.de\/wp-content\/uploads\/2025\/03\/AG_Logo_2018_V-Karte_front_black-e1741125016533-1024x396.png 1024w, https:\/\/ag-erhaltungszucht-ouessantschaf.de\/wp-content\/uploads\/2025\/03\/AG_Logo_2018_V-Karte_front_black-e1741125016533-300x116.png 300w, https:\/\/ag-erhaltungszucht-ouessantschaf.de\/wp-content\/uploads\/2025\/03\/AG_Logo_2018_V-Karte_front_black-e1741125016533-768x297.png 768w, https:\/\/ag-erhaltungszucht-ouessantschaf.de\/wp-content\/uploads\/2025\/03\/AG_Logo_2018_V-Karte_front_black-e1741125016533.png 1053w\" sizes=\"(max-width: 1024px) 100vw, 1024px\" \/>\t\t\t\t\t\t\t\t\t\t\t\t\t\t\t<\/div>\n\t\t\t\t<\/div>\n\t\t\t\t<\/div>\n\t\t<div class=\"elementor-element elementor-element-ea58874 e-flex e-con-boxed e-con e-parent\" data-id=\"ea58874\" data-element_type=\"container\" data-e-type=\"container\" data-settings=\"{&quot;background_background&quot;:&quot;classic&quot;}\">\n\t\t\t\t\t<div class=\"e-con-inner\">\n\t\t<div class=\"elementor-element elementor-element-e94e069 e-con-full e-flex e-con e-child\" data-id=\"e94e069\" data-element_type=\"container\" data-e-type=\"container\">\n\t\t\t\t<div class=\"elementor-element elementor-element-63b134c elementor-widget elementor-widget-heading\" data-id=\"63b134c\" data-element_type=\"widget\" data-e-type=\"widget\" data-settings=\"{&quot;_animation&quot;:&quot;none&quot;,&quot;_animation_delay&quot;:500}\" data-widget_type=\"heading.default\">\n\t\t\t\t<div class=\"elementor-widget-container\">\n\t\t\t\t\t<h1 class=\"elementor-heading-title elementor-size-default\">Grundsatzerkl\u00e4rung der Arbeitsgemeinschaft Erhaltungszucht bretonisches Ouessantschaf\n<\/h1>\t\t\t\t<\/div>\n\t\t\t\t<\/div>\n\t\t\t\t<div class=\"elementor-element elementor-element-932e209 elementor-widget elementor-widget-text-editor\" data-id=\"932e209\" data-element_type=\"widget\" data-e-type=\"widget\" data-settings=\"{&quot;_animation_delay&quot;:500,&quot;_animation&quot;:&quot;none&quot;}\" data-widget_type=\"text-editor.default\">\n\t\t\t\t<div class=\"elementor-widget-container\">\n\t\t\t\t\t\t\t\t\t<p align=\"justify\">Die Arbeitsgemeinschaft Erhaltungszucht bretonisches Ouessantschaf (AG Erhaltungszucht) hat sich den Erhalt und den Ausbau einer Population von Ouessantschafen in Deutschland zur Aufgabe gemacht, die ausschlie\u00dflich rein bretonischer Abstammung ist. Die Tiere, um deren Erhalt es den AG-Mitgliedern geht, stammen ausschlie\u00dflich aus bretonischen Linien und sind von modernen Einfl\u00fcssen g\u00e4nzlich unbetroffen bzw. gehen genetisch unver\u00e4ndert auf Gr\u00fcnderherden aus der Anfangszeit der franz\u00f6sischen Z\u00fcchtergemeinschaft GEMO zur\u00fcck.<\/p><p align=\"justify\">Die Arbeitsgemeinschaft f\u00fchrt eine Liste derjenigen Tiere in Deutschland, die diese Kriterien erf\u00fcllen. Sie nimmt sinnvolle Anpaarungen vor, um den Erhalt rein bretonischer Linien zu sichern und nimmt Nachkommen aus diesen Verpaarungen in die Liste auf. Die Arbeitsgemeinschaft bem\u00fcht sich weitere Tiere der rein bretonischen Population der Rasse sowohl in Deutschland als auch in Frankreich ausfindig zu machen.<\/p><p align=\"justify\">Zu den oben genannten, bei der AG unerw\u00fcnschten, modernen Einfl\u00fcssen z\u00e4hlt das Auftreten der Farbschl\u00e4ge schimmel und braun in den Stammb\u00e4umen. Ausgeschlossen sind auch andere moderne Fremdeinfl\u00fcsse. Dar\u00fcber hinaus wird bei den AG-Tieren streng darauf geachtet, dass in den Stammb\u00e4umen in keinem Fall sogenannte Gl\u00f6ckchen aufgetreten sind. In zweifelhaften F\u00e4llen werden die jeweiligen Tiere vorsichtshalber nicht als rein bretonischen Ursprungs akzeptiert. Ihr Deckeinsatz in den AG-Best\u00e4nden ist damit ausgeschlossen.<\/p><p align=\"justify\"><strong>Begr\u00fcndung:<\/strong><br \/>Nachdem die Rasse in den 1970er Jahren in ihrer Ursprungsregion, der Bretagne, vor dem Verschwinden bewahrt werden konnte, stellen Ouessants rein bretonischer Abstammung heute europaweit wieder eine gef\u00e4hrdete Minderheit dar. Ihre Erhaltung in einer geschlossenen Population ist sinnvoll, da sich die urspr\u00fcngliche bretonische Population der Rasse aufgrund von genetischen und historischen Gesichtspunkten wesentlich von anderen, modern \u00fcberpr\u00e4gten Ouessant-Varianten unterscheidet. Sie kann als genetische Reserve f\u00fcr einen m\u00f6glichen zuk\u00fcnftigen Bedarf an ihren physiologischen und morphologischen Eigenschaften dienen. Ihr Genmaterial muss daher notwendigerweise in Reinzucht so unvermischt wie m\u00f6glich konserviert und erhalten werden. Als alte Haustierrasse stellt sie dar\u00fcber hinaus ein historisches Kulturgut ihrer Ursprungsregion dar. Sie hat somit einen sch\u00fctzenswerten und beispielhaften kulturellen Wert.<\/p>\t\t\t\t\t\t\t\t<\/div>\n\t\t\t\t<\/div>\n\t\t\t\t<\/div>\n\t\t\t\t\t<\/div>\n\t\t\t\t<\/div>\n\t\t<div class=\"elementor-element elementor-element-9e7f5c7 e-flex e-con-boxed e-con e-parent\" data-id=\"9e7f5c7\" data-element_type=\"container\" data-e-type=\"container\">\n\t\t\t\t\t<div class=\"e-con-inner\">\n\t\t\t\t<div class=\"elementor-element elementor-element-e8156e0 elementor-widget elementor-widget-image\" data-id=\"e8156e0\" data-element_type=\"widget\" data-e-type=\"widget\" data-widget_type=\"image.default\">\n\t\t\t\t<div class=\"elementor-widget-container\">\n\t\t\t\t\t\t\t\t\t\t\t\t\t\t\t<img decoding=\"async\" width=\"1024\" height=\"683\" src=\"https:\/\/ag-erhaltungszucht-ouessantschaf.de\/wp-content\/uploads\/2025\/03\/YJDI4495-1024x683.jpg\" class=\"attachment-large size-large wp-image-617\" alt=\"\" srcset=\"https:\/\/ag-erhaltungszucht-ouessantschaf.de\/wp-content\/uploads\/2025\/03\/YJDI4495-1024x683.jpg 1024w, https:\/\/ag-erhaltungszucht-ouessantschaf.de\/wp-content\/uploads\/2025\/03\/YJDI4495-300x200.jpg 300w, https:\/\/ag-erhaltungszucht-ouessantschaf.de\/wp-content\/uploads\/2025\/03\/YJDI4495-768x512.jpg 768w, https:\/\/ag-erhaltungszucht-ouessantschaf.de\/wp-content\/uploads\/2025\/03\/YJDI4495.jpg 1080w\" sizes=\"(max-width: 1024px) 100vw, 1024px\" \/>\t\t\t\t\t\t\t\t\t\t\t\t\t\t\t<\/div>\n\t\t\t\t<\/div>\n\t\t\t\t\t<\/div>\n\t\t\t\t<\/div>\n\t\t\t\t<section class=\"elementor-section elementor-top-section elementor-element elementor-element-46e1e5b elementor-section-content-top elementor-section-boxed elementor-section-height-default elementor-section-height-default\" data-id=\"46e1e5b\" data-element_type=\"section\" data-e-type=\"section\" data-settings=\"{&quot;background_background&quot;:&quot;classic&quot;}\">\n\t\t\t\t\t\t<div class=\"elementor-container elementor-column-gap-default\">\n\t\t\t\t\t<div class=\"elementor-column elementor-col-33 elementor-top-column elementor-element elementor-element-f2d401a\" data-id=\"f2d401a\" data-element_type=\"column\" data-e-type=\"column\">\n\t\t\t<div class=\"elementor-widget-wrap elementor-element-populated\">\n\t\t\t\t\t\t<div class=\"elementor-element elementor-element-2f27573 elementor-widget elementor-widget-heading\" data-id=\"2f27573\" data-element_type=\"widget\" data-e-type=\"widget\" data-widget_type=\"heading.default\">\n\t\t\t\t<div class=\"elementor-widget-container\">\n\t\t\t\t\t<h2 class=\"elementor-heading-title elementor-size-default\">Arbeitsgemeinschaft<br>Erhaltungszucht<br>bretonisches<br>Ouessantschaf<\/h2>\t\t\t\t<\/div>\n\t\t\t\t<\/div>\n\t\t\t\t\t<\/div>\n\t\t<\/div>\n\t\t\t\t<div class=\"elementor-column elementor-col-33 elementor-top-column elementor-element elementor-element-534fc51\" data-id=\"534fc51\" data-element_type=\"column\" data-e-type=\"column\">\n\t\t\t<div class=\"elementor-widget-wrap elementor-element-populated\">\n\t\t\t\t\t\t<div class=\"elementor-element elementor-element-6fdd422 elementor-widget elementor-widget-heading\" data-id=\"6fdd422\" data-element_type=\"widget\" data-e-type=\"widget\" data-widget_type=\"heading.default\">\n\t\t\t\t<div class=\"elementor-widget-container\">\n\t\t\t\t\t<h2 class=\"elementor-heading-title elementor-size-default\">Kontakt<\/h2>\t\t\t\t<\/div>\n\t\t\t\t<\/div>\n\t\t\t\t<div class=\"elementor-element elementor-element-17ac785 elementor-widget elementor-widget-text-editor\" data-id=\"17ac785\" data-element_type=\"widget\" data-e-type=\"widget\" data-widget_type=\"text-editor.default\">\n\t\t\t\t<div class=\"elementor-widget-container\">\n\t\t\t\t\t\t\t\t\t<p>J\u00fcrgen Schneider<br \/>26931 Elsfleth<br \/>0162 6889752 (zwischen 18-19:30 Uhr)<\/p><p>Cornelia Meyer<br \/>21368 Dahlem Harmstorf<br \/>05851 7434<br \/>taraxacum50@gmail.com<\/p><p>Arne Huch<br \/>21039 Hamburg<br \/>schafzuchtelbe@icloud.com<\/p>\t\t\t\t\t\t\t\t<\/div>\n\t\t\t\t<\/div>\n\t\t\t\t\t<\/div>\n\t\t<\/div>\n\t\t\t\t<div class=\"elementor-column elementor-col-33 elementor-top-column elementor-element elementor-element-ddde154\" data-id=\"ddde154\" data-element_type=\"column\" data-e-type=\"column\">\n\t\t\t<div class=\"elementor-widget-wrap elementor-element-populated\">\n\t\t\t\t\t\t<div class=\"elementor-element elementor-element-e198fc5 elementor-widget__width-initial elementor-widget elementor-widget-image\" data-id=\"e198fc5\" data-element_type=\"widget\" data-e-type=\"widget\" data-widget_type=\"image.default\">\n\t\t\t\t<div class=\"elementor-widget-container\">\n\t\t\t\t\t\t\t\t\t\t\t\t\t\t\t<img decoding=\"async\" width=\"884\" height=\"1024\" src=\"https:\/\/ag-erhaltungszucht-ouessantschaf.de\/wp-content\/uploads\/2025\/03\/AG_Logo_2018_Flyer_front_black-1-e1741123435195-884x1024.png\" class=\"attachment-large size-large wp-image-754\" alt=\"\" srcset=\"https:\/\/ag-erhaltungszucht-ouessantschaf.de\/wp-content\/uploads\/2025\/03\/AG_Logo_2018_Flyer_front_black-1-e1741123435195-884x1024.png 884w, https:\/\/ag-erhaltungszucht-ouessantschaf.de\/wp-content\/uploads\/2025\/03\/AG_Logo_2018_Flyer_front_black-1-e1741123435195-259x300.png 259w, https:\/\/ag-erhaltungszucht-ouessantschaf.de\/wp-content\/uploads\/2025\/03\/AG_Logo_2018_Flyer_front_black-1-e1741123435195-768x890.png 768w, https:\/\/ag-erhaltungszucht-ouessantschaf.de\/wp-content\/uploads\/2025\/03\/AG_Logo_2018_Flyer_front_black-1-e1741123435195-1325x1536.png 1325w, https:\/\/ag-erhaltungszucht-ouessantschaf.de\/wp-content\/uploads\/2025\/03\/AG_Logo_2018_Flyer_front_black-1-e1741123435195.png 1327w\" sizes=\"(max-width: 884px) 100vw, 884px\" \/>\t\t\t\t\t\t\t\t\t\t\t\t\t\t\t<\/div>\n\t\t\t\t<\/div>\n\t\t\t\t\t<\/div>\n\t\t<\/div>\n\t\t\t\t\t<\/div>\n\t\t<\/section>\n\t\t\t\t<\/div>","protected":false},"excerpt":{"rendered":"<p>Grundsatzerkl\u00e4rung der Arbeitsgemeinschaft Erhaltungszucht bretonisches Ouessantschaf Die Arbeitsgemeinschaft Erhaltungszucht bretonisches Ouessantschaf (AG Erhaltungszucht) hat sich den Erhalt und den Ausbau einer Population von Ouessantschafen in Deutschland zur Aufgabe gemacht, die ausschlie\u00dflich rein bretonischer Abstammung ist. Die Tiere, um deren Erhalt es den AG-Mitgliedern geht, stammen ausschlie\u00dflich aus bretonischen Linien und sind von modernen Einfl\u00fcssen g\u00e4nzlich [&hellip;]<\/p>","protected":false},"author":1,"featured_media":0,"parent":0,"menu_order":0,"comment_status":"closed","ping_status":"closed","template":"","meta":{"ocean_post_layout":"full-screen","ocean_both_sidebars_style":"","ocean_both_sidebars_content_width":0,"ocean_both_sidebars_sidebars_width":0,"ocean_sidebar":"","ocean_second_sidebar":"","ocean_disable_margins":"enable","ocean_add_body_class":"","ocean_shortcode_before_top_bar":"","ocean_shortcode_after_top_bar":"","ocean_shortcode_before_header":"","ocean_shortcode_after_header":"","ocean_has_shortcode":"","ocean_shortcode_after_title":"","ocean_shortcode_before_footer_widgets":"","ocean_shortcode_after_footer_widgets":"","ocean_shortcode_before_footer_bottom":"","ocean_shortcode_after_footer_bottom":"","ocean_display_top_bar":"off","ocean_display_header":"default","ocean_header_style":"","ocean_center_header_left_menu":"","ocean_custom_header_template":"","ocean_custom_logo":0,"ocean_custom_retina_logo":0,"ocean_custom_logo_max_width":0,"ocean_custom_logo_tablet_max_width":0,"ocean_custom_logo_mobile_max_width":0,"ocean_custom_logo_max_height":0,"ocean_custom_logo_tablet_max_height":0,"ocean_custom_logo_mobile_max_height":0,"ocean_header_custom_menu":"","ocean_menu_typo_font_family":"","ocean_menu_typo_font_subset":"","ocean_menu_typo_font_size":0,"ocean_menu_typo_font_size_tablet":0,"ocean_menu_typo_font_size_mobile":0,"ocean_menu_typo_font_size_unit":"px","ocean_menu_typo_font_weight":"","ocean_menu_typo_font_weight_tablet":"","ocean_menu_typo_font_weight_mobile":"","ocean_menu_typo_transform":"","ocean_menu_typo_transform_tablet":"","ocean_menu_typo_transform_mobile":"","ocean_menu_typo_line_height":0,"ocean_menu_typo_line_height_tablet":0,"ocean_menu_typo_line_height_mobile":0,"ocean_menu_typo_line_height_unit":"","ocean_menu_typo_spacing":0,"ocean_menu_typo_spacing_tablet":0,"ocean_menu_typo_spacing_mobile":0,"ocean_menu_typo_spacing_unit":"","ocean_menu_link_color":"","ocean_menu_link_color_hover":"","ocean_menu_link_color_active":"","ocean_menu_link_background":"","ocean_menu_link_hover_background":"","ocean_menu_link_active_background":"","ocean_menu_social_links_bg":"","ocean_menu_social_hover_links_bg":"","ocean_menu_social_links_color":"","ocean_menu_social_hover_links_color":"","ocean_disable_title":"on","ocean_disable_heading":"default","ocean_post_title":"","ocean_post_subheading":"","ocean_post_title_style":"","ocean_post_title_background_color":"","ocean_post_title_background":0,"ocean_post_title_bg_image_position":"","ocean_post_title_bg_image_attachment":"","ocean_post_title_bg_image_repeat":"","ocean_post_title_bg_image_size":"","ocean_post_title_height":0,"ocean_post_title_bg_overlay":0.5,"ocean_post_title_bg_overlay_color":"","ocean_disable_breadcrumbs":"default","ocean_breadcrumbs_color":"","ocean_breadcrumbs_separator_color":"","ocean_breadcrumbs_links_color":"","ocean_breadcrumbs_links_hover_color":"","ocean_display_footer_widgets":"off","ocean_display_footer_bottom":"default","ocean_custom_footer_template":"","footnotes":""},"class_list":["post-111","page","type-page","status-publish","hentry","entry"],"yoast_head":"<!-- This site is optimized with the Yoast SEO plugin v27.4 - https:\/\/yoast.com\/product\/yoast-seo-wordpress\/ -->\n<title>Grundsatzerkl\u00e4rung - Ouessant AG Erhaltungszucht<\/title>\n<meta name=\"robots\" content=\"index, follow, max-snippet:-1, max-image-preview:large, max-video-preview:-1\" \/>\n<link rel=\"canonical\" href=\"https:\/\/ag-erhaltungszucht-ouessantschaf.de\/fr\/erhaltungszucht\/\" \/>\n<meta property=\"og:locale\" content=\"fr_FR\" \/>\n<meta property=\"og:type\" content=\"article\" \/>\n<meta property=\"og:title\" content=\"Grundsatzerkl\u00e4rung - Ouessant AG Erhaltungszucht\" \/>\n<meta property=\"og:description\" content=\"Grundsatzerkl\u00e4rung der Arbeitsgemeinschaft Erhaltungszucht bretonisches Ouessantschaf Die Arbeitsgemeinschaft Erhaltungszucht bretonisches Ouessantschaf (AG Erhaltungszucht) hat sich den Erhalt und den Ausbau einer Population von Ouessantschafen in Deutschland zur Aufgabe gemacht, die ausschlie\u00dflich rein bretonischer Abstammung ist. Die Tiere, um deren Erhalt es den AG-Mitgliedern geht, stammen ausschlie\u00dflich aus bretonischen Linien und sind von modernen Einfl\u00fcssen g\u00e4nzlich [&hellip;]\" \/>\n<meta property=\"og:url\" content=\"https:\/\/ag-erhaltungszucht-ouessantschaf.de\/fr\/erhaltungszucht\/\" \/>\n<meta property=\"og:site_name\" content=\"Ouessant AG Erhaltungszucht\" \/>\n<meta property=\"article:modified_time\" content=\"2026-01-03T16:52:23+00:00\" \/>\n<meta property=\"og:image\" content=\"https:\/\/ag-erhaltungszucht-ouessantschaf.de\/wp-content\/uploads\/2025\/03\/AG_Logo_2018_V-Karte_front_black-e1741125016533-1024x396.png\" \/>\n<meta name=\"twitter:card\" content=\"summary_large_image\" \/>\n<meta name=\"twitter:label1\" content=\"Dur\u00e9e de lecture estim\u00e9e\" \/>\n\t<meta name=\"twitter:data1\" content=\"3 minutes\" \/>\n<script type=\"application\/ld+json\" class=\"yoast-schema-graph\">{\"@context\":\"https:\\\/\\\/schema.org\",\"@graph\":[{\"@type\":\"WebPage\",\"@id\":\"https:\\\/\\\/ag-erhaltungszucht-ouessantschaf.de\\\/erhaltungszucht\\\/\",\"url\":\"https:\\\/\\\/ag-erhaltungszucht-ouessantschaf.de\\\/erhaltungszucht\\\/\",\"name\":\"Grundsatzerkl\u00e4rung - Ouessant AG Erhaltungszucht\",\"isPartOf\":{\"@id\":\"https:\\\/\\\/rosybrown-crocodile-517359.hostingersite.com\\\/fr\\\/#website\"},\"primaryImageOfPage\":{\"@id\":\"https:\\\/\\\/ag-erhaltungszucht-ouessantschaf.de\\\/erhaltungszucht\\\/#primaryimage\"},\"image\":{\"@id\":\"https:\\\/\\\/ag-erhaltungszucht-ouessantschaf.de\\\/erhaltungszucht\\\/#primaryimage\"},\"thumbnailUrl\":\"https:\\\/\\\/ag-erhaltungszucht-ouessantschaf.de\\\/wp-content\\\/uploads\\\/2025\\\/03\\\/AG_Logo_2018_V-Karte_front_black-e1741125016533-1024x396.png\",\"datePublished\":\"2024-07-31T14:27:04+00:00\",\"dateModified\":\"2026-01-03T16:52:23+00:00\",\"breadcrumb\":{\"@id\":\"https:\\\/\\\/ag-erhaltungszucht-ouessantschaf.de\\\/erhaltungszucht\\\/#breadcrumb\"},\"inLanguage\":\"fr-FR\",\"potentialAction\":[{\"@type\":\"ReadAction\",\"target\":[\"https:\\\/\\\/ag-erhaltungszucht-ouessantschaf.de\\\/erhaltungszucht\\\/\"]}]},{\"@type\":\"ImageObject\",\"inLanguage\":\"fr-FR\",\"@id\":\"https:\\\/\\\/ag-erhaltungszucht-ouessantschaf.de\\\/erhaltungszucht\\\/#primaryimage\",\"url\":\"https:\\\/\\\/ag-erhaltungszucht-ouessantschaf.de\\\/wp-content\\\/uploads\\\/2025\\\/03\\\/AG_Logo_2018_V-Karte_front_black-e1741125016533-1024x396.png\",\"contentUrl\":\"https:\\\/\\\/ag-erhaltungszucht-ouessantschaf.de\\\/wp-content\\\/uploads\\\/2025\\\/03\\\/AG_Logo_2018_V-Karte_front_black-e1741125016533-1024x396.png\"},{\"@type\":\"BreadcrumbList\",\"@id\":\"https:\\\/\\\/ag-erhaltungszucht-ouessantschaf.de\\\/erhaltungszucht\\\/#breadcrumb\",\"itemListElement\":[{\"@type\":\"ListItem\",\"position\":1,\"name\":\"Startseite\",\"item\":\"https:\\\/\\\/rosybrown-crocodile-517359.hostingersite.com\\\/fr\\\/\"},{\"@type\":\"ListItem\",\"position\":2,\"name\":\"Grundsatzerkl\u00e4rung\"}]},{\"@type\":\"WebSite\",\"@id\":\"https:\\\/\\\/rosybrown-crocodile-517359.hostingersite.com\\\/fr\\\/#website\",\"url\":\"https:\\\/\\\/rosybrown-crocodile-517359.hostingersite.com\\\/fr\\\/\",\"name\":\"Ouessant AG Erhaltungszucht\",\"description\":\"Erhaltungszucht bretonisches Ouessantschaf\",\"potentialAction\":[{\"@type\":\"SearchAction\",\"target\":{\"@type\":\"EntryPoint\",\"urlTemplate\":\"https:\\\/\\\/rosybrown-crocodile-517359.hostingersite.com\\\/fr\\\/?s={search_term_string}\"},\"query-input\":{\"@type\":\"PropertyValueSpecification\",\"valueRequired\":true,\"valueName\":\"search_term_string\"}}],\"inLanguage\":\"fr-FR\"}]}<\/script>\n<!-- \/ Yoast SEO plugin. -->","yoast_head_json":{"title":"Grundsatzerkl\u00e4rung - Ouessant AG Erhaltungszucht","robots":{"index":"index","follow":"follow","max-snippet":"max-snippet:-1","max-image-preview":"max-image-preview:large","max-video-preview":"max-video-preview:-1"},"canonical":"https:\/\/ag-erhaltungszucht-ouessantschaf.de\/fr\/erhaltungszucht\/","og_locale":"fr_FR","og_type":"article","og_title":"Grundsatzerkl\u00e4rung - Ouessant AG Erhaltungszucht","og_description":"Grundsatzerkl\u00e4rung der Arbeitsgemeinschaft Erhaltungszucht bretonisches Ouessantschaf Die Arbeitsgemeinschaft Erhaltungszucht bretonisches Ouessantschaf (AG Erhaltungszucht) hat sich den Erhalt und den Ausbau einer Population von Ouessantschafen in Deutschland zur Aufgabe gemacht, die ausschlie\u00dflich rein bretonischer Abstammung ist. Die Tiere, um deren Erhalt es den AG-Mitgliedern geht, stammen ausschlie\u00dflich aus bretonischen Linien und sind von modernen Einfl\u00fcssen g\u00e4nzlich [&hellip;]","og_url":"https:\/\/ag-erhaltungszucht-ouessantschaf.de\/fr\/erhaltungszucht\/","og_site_name":"Ouessant AG Erhaltungszucht","article_modified_time":"2026-01-03T16:52:23+00:00","og_image":[{"url":"https:\/\/ag-erhaltungszucht-ouessantschaf.de\/wp-content\/uploads\/2025\/03\/AG_Logo_2018_V-Karte_front_black-e1741125016533-1024x396.png","type":"","width":"","height":""}],"twitter_card":"summary_large_image","twitter_misc":{"Dur\u00e9e de lecture estim\u00e9e":"3 minutes"},"schema":{"@context":"https:\/\/schema.org","@graph":[{"@type":"WebPage","@id":"https:\/\/ag-erhaltungszucht-ouessantschaf.de\/erhaltungszucht\/","url":"https:\/\/ag-erhaltungszucht-ouessantschaf.de\/erhaltungszucht\/","name":"Grundsatzerkl\u00e4rung - Ouessant AG Erhaltungszucht","isPartOf":{"@id":"https:\/\/rosybrown-crocodile-517359.hostingersite.com\/fr\/#website"},"primaryImageOfPage":{"@id":"https:\/\/ag-erhaltungszucht-ouessantschaf.de\/erhaltungszucht\/#primaryimage"},"image":{"@id":"https:\/\/ag-erhaltungszucht-ouessantschaf.de\/erhaltungszucht\/#primaryimage"},"thumbnailUrl":"https:\/\/ag-erhaltungszucht-ouessantschaf.de\/wp-content\/uploads\/2025\/03\/AG_Logo_2018_V-Karte_front_black-e1741125016533-1024x396.png","datePublished":"2024-07-31T14:27:04+00:00","dateModified":"2026-01-03T16:52:23+00:00","breadcrumb":{"@id":"https:\/\/ag-erhaltungszucht-ouessantschaf.de\/erhaltungszucht\/#breadcrumb"},"inLanguage":"fr-FR","potentialAction":[{"@type":"ReadAction","target":["https:\/\/ag-erhaltungszucht-ouessantschaf.de\/erhaltungszucht\/"]}]},{"@type":"ImageObject","inLanguage":"fr-FR","@id":"https:\/\/ag-erhaltungszucht-ouessantschaf.de\/erhaltungszucht\/#primaryimage","url":"https:\/\/ag-erhaltungszucht-ouessantschaf.de\/wp-content\/uploads\/2025\/03\/AG_Logo_2018_V-Karte_front_black-e1741125016533-1024x396.png","contentUrl":"https:\/\/ag-erhaltungszucht-ouessantschaf.de\/wp-content\/uploads\/2025\/03\/AG_Logo_2018_V-Karte_front_black-e1741125016533-1024x396.png"},{"@type":"BreadcrumbList","@id":"https:\/\/ag-erhaltungszucht-ouessantschaf.de\/erhaltungszucht\/#breadcrumb","itemListElement":[{"@type":"ListItem","position":1,"name":"Startseite","item":"https:\/\/rosybrown-crocodile-517359.hostingersite.com\/fr\/"},{"@type":"ListItem","position":2,"name":"Grundsatzerkl\u00e4rung"}]},{"@type":"WebSite","@id":"https:\/\/rosybrown-crocodile-517359.hostingersite.com\/fr\/#website","url":"https:\/\/rosybrown-crocodile-517359.hostingersite.com\/fr\/","name":"Ouessant AG Erhaltungszucht","description":"Erhaltungszucht bretonisches Ouessantschaf","potentialAction":[{"@type":"SearchAction","target":{"@type":"EntryPoint","urlTemplate":"https:\/\/rosybrown-crocodile-517359.hostingersite.com\/fr\/?s={search_term_string}"},"query-input":{"@type":"PropertyValueSpecification","valueRequired":true,"valueName":"search_term_string"}}],"inLanguage":"fr-FR"}]}},"_links":{"self":[{"href":"https:\/\/ag-erhaltungszucht-ouessantschaf.de\/fr\/wp-json\/wp\/v2\/pages\/111","targetHints":{"allow":["GET"]}}],"collection":[{"href":"https:\/\/ag-erhaltungszucht-ouessantschaf.de\/fr\/wp-json\/wp\/v2\/pages"}],"about":[{"href":"https:\/\/ag-erhaltungszucht-ouessantschaf.de\/fr\/wp-json\/wp\/v2\/types\/page"}],"author":[{"embeddable":true,"href":"https:\/\/ag-erhaltungszucht-ouessantschaf.de\/fr\/wp-json\/wp\/v2\/users\/1"}],"replies":[{"embeddable":true,"href":"https:\/\/ag-erhaltungszucht-ouessantschaf.de\/fr\/wp-json\/wp\/v2\/comments?post=111"}],"version-history":[{"count":27,"href":"https:\/\/ag-erhaltungszucht-ouessantschaf.de\/fr\/wp-json\/wp\/v2\/pages\/111\/revisions"}],"predecessor-version":[{"id":1184,"href":"https:\/\/ag-erhaltungszucht-ouessantschaf.de\/fr\/wp-json\/wp\/v2\/pages\/111\/revisions\/1184"}],"wp:attachment":[{"href":"https:\/\/ag-erhaltungszucht-ouessantschaf.de\/fr\/wp-json\/wp\/v2\/media?parent=111"}],"curies":[{"name":"wp","href":"https:\/\/api.w.org\/{rel}","templated":true}]}}