{"id":109,"date":"2024-07-31T14:26:32","date_gmt":"2024-07-31T14:26:32","guid":{"rendered":"https:\/\/rosybrown-crocodile-517359.hostingersite.com\/?page_id=109"},"modified":"2025-03-11T12:18:28","modified_gmt":"2025-03-11T12:18:28","slug":"impressum-3","status":"publish","type":"page","link":"https:\/\/ag-erhaltungszucht-ouessantschaf.de\/fr\/impressum-3\/","title":{"rendered":"Impressum"},"content":{"rendered":"<div data-elementor-type=\"wp-page\" data-elementor-id=\"109\" class=\"elementor elementor-109\">\n\t\t\t\t<div class=\"elementor-element elementor-element-81c313e e-con-full e-flex e-con e-parent\" data-id=\"81c313e\" data-element_type=\"container\" data-e-type=\"container\" data-settings=\"{&quot;background_background&quot;:&quot;classic&quot;,&quot;animation&quot;:&quot;none&quot;}\">\n\t\t\t\t<div class=\"elementor-element elementor-element-331406c elementor-widget__width-initial elementor-widget-mobile__width-initial elementor-widget elementor-widget-image\" data-id=\"331406c\" data-element_type=\"widget\" data-e-type=\"widget\" data-widget_type=\"image.default\">\n\t\t\t\t<div class=\"elementor-widget-container\">\n\t\t\t\t\t\t\t\t\t\t\t\t\t\t\t<img fetchpriority=\"high\" decoding=\"async\" width=\"1024\" height=\"396\" src=\"https:\/\/ag-erhaltungszucht-ouessantschaf.de\/wp-content\/uploads\/2025\/03\/AG_Logo_2018_V-Karte_front_black-e1741125016533-1024x396.png\" class=\"attachment-large size-large wp-image-712\" alt=\"\" srcset=\"https:\/\/ag-erhaltungszucht-ouessantschaf.de\/wp-content\/uploads\/2025\/03\/AG_Logo_2018_V-Karte_front_black-e1741125016533-1024x396.png 1024w, https:\/\/ag-erhaltungszucht-ouessantschaf.de\/wp-content\/uploads\/2025\/03\/AG_Logo_2018_V-Karte_front_black-e1741125016533-300x116.png 300w, https:\/\/ag-erhaltungszucht-ouessantschaf.de\/wp-content\/uploads\/2025\/03\/AG_Logo_2018_V-Karte_front_black-e1741125016533-768x297.png 768w, https:\/\/ag-erhaltungszucht-ouessantschaf.de\/wp-content\/uploads\/2025\/03\/AG_Logo_2018_V-Karte_front_black-e1741125016533.png 1053w\" sizes=\"(max-width: 1024px) 100vw, 1024px\" \/>\t\t\t\t\t\t\t\t\t\t\t\t\t\t\t<\/div>\n\t\t\t\t<\/div>\n\t\t\t\t<\/div>\n\t\t<div class=\"elementor-element elementor-element-11a97bb e-flex e-con-boxed e-con e-parent\" data-id=\"11a97bb\" data-element_type=\"container\" data-e-type=\"container\" data-settings=\"{&quot;background_background&quot;:&quot;classic&quot;}\">\n\t\t\t\t\t<div class=\"e-con-inner\">\n\t\t<div class=\"elementor-element elementor-element-c7d7765 e-con-full e-flex e-con e-child\" data-id=\"c7d7765\" data-element_type=\"container\" data-e-type=\"container\">\n\t\t\t\t<div class=\"elementor-element elementor-element-d0f4900 elementor-widget elementor-widget-heading\" data-id=\"d0f4900\" data-element_type=\"widget\" data-e-type=\"widget\" data-settings=\"{&quot;_animation&quot;:&quot;none&quot;,&quot;_animation_delay&quot;:500}\" data-widget_type=\"heading.default\">\n\t\t\t\t<div class=\"elementor-widget-container\">\n\t\t\t\t\t<h1 class=\"elementor-heading-title elementor-size-default\">Impressum<\/h1>\t\t\t\t<\/div>\n\t\t\t\t<\/div>\n\t\t\t\t<div class=\"elementor-element elementor-element-caf393b elementor-widget elementor-widget-text-editor\" data-id=\"caf393b\" data-element_type=\"widget\" data-e-type=\"widget\" data-settings=\"{&quot;_animation_delay&quot;:500,&quot;_animation&quot;:&quot;none&quot;}\" data-widget_type=\"text-editor.default\">\n\t\t\t\t<div class=\"elementor-widget-container\">\n\t\t\t\t\t\t\t\t\t<p><strong>Interessengemeinschaft Ouessantschaf Deutschland e.V.<\/strong><br \/>1. Vorsitzender<br \/>Armin Bergmann<br \/>Mittelkanal rechts 38<br \/>26871 Papenburg<br \/>Telefon: 04961\/8332357<br \/>E-Mail: schafzucht-bergmann[at]gmx.de<br \/>Vereinssitz: 26871 Papenburg<\/p><p><strong>Disclaimer \u2013 rechtliche Hinweise<\/strong><\/p><p>\u00a7 1 Warnhinweis zu Inhalten<\/p><p align=\"justify\">Die kostenlosen und frei zug\u00e4nglichen Inhalte dieser Webseite wurden mit gr\u00f6\u00dftm\u00f6glicher Sorgfalt erstellt. Der Anbieter dieser Webseite \u00fcbernimmt jedoch keine Gew\u00e4hr f\u00fcr die Richtigkeit und Aktualit\u00e4t der bereitgestellten kostenlosen und frei zug\u00e4nglichen journalistischen Ratgeber und Nachrichten. Namentlich gekennzeichnete Beitr\u00e4ge geben die Meinung des jeweiligen Autors und nicht immer die Meinung des Anbieters wieder. Allein durch den Aufruf der kostenlosen und frei zug\u00e4nglichen Inhalte kommt keinerlei Vertragsverh\u00e4ltnis zwischen dem Nutzer und dem Anbieter zustande, insoweit fehlt es am Rechtsbindungswillen des Anbieters.<\/p><p>\u00a7 2 Externe Links<\/p><p align=\"justify\">Diese Website enth\u00e4lt Verkn\u00fcpfungen zu Websites Dritter (\u201eexterne Links\u201c). Diese Websites unterliegen der Haftung der jeweiligen Betreiber. Der Anbieter hat bei der erstmaligen Verkn\u00fcpfung der externen Links die fremden Inhalte daraufhin \u00fcberpr\u00fcft, ob etwaige Rechtsverst\u00f6\u00dfe bestehen. Zu dem Zeitpunkt waren keine Rechtsverst\u00f6\u00dfe ersichtlich. Der Anbieter hat keinerlei Einfluss auf die aktuelle und zuk\u00fcnftige Gestaltung und auf die Inhalte der verkn\u00fcpften Seiten. Das Setzen von externen Links bedeutet nicht, dass sich der Anbieter die hinter dem Verweis oder Link liegenden Inhalte zu Eigen macht. Eine st\u00e4ndige Kontrolle der externen Links ist f\u00fcr den Anbieter ohne konkrete Hinweise auf Rechtsverst\u00f6\u00dfe nicht zumutbar. Bei Kenntnis von Rechtsverst\u00f6\u00dfen werden jedoch derartige externe Links unverz\u00fcglich gel\u00f6scht.<\/p><p>\u00a7 3 Urheber- und Leistungsschutzrechte<\/p><p align=\"justify\">Die auf dieser Website ver\u00f6ffentlichten Inhalte unterliegen dem deutschen Urheber- und Leistungsschutzrecht. Jede vom deutschen Urheber- und Leistungsschutzrecht nicht zugelassene Verwertung bedarf der vorherigen schriftlichen Zustimmung des Anbieters oder jeweiligen Rechteinhabers. Dies gilt insbesondere f\u00fcr Vervielf\u00e4ltigung, Bearbeitung, \u00dcbersetzung, Einspeicherung, Verarbeitung bzw. Wiedergabe von Inhalten in Datenbanken oder anderen elektronischen Medien und Systemen. Inhalte und Rechte Dritter sind dabei als solche gekennzeichnet. Die unerlaubte Vervielf\u00e4ltigung oder Weitergabe einzelner Inhalte oder kompletter Seiten ist nicht gestattet und strafbar. Lediglich die Herstellung von Kopien und Downloads f\u00fcr den pers\u00f6nlichen, privaten und nicht kommerziellen Gebrauch ist erlaubt. Die Darstellung dieser Website in fremden Frames ist nur mit schriftlicher Erlaubnis zul\u00e4ssig.<\/p><p>\u00a7 4 Besondere Nutzungsbedingungen<\/p><p align=\"justify\">Soweit besondere Bedingungen f\u00fcr einzelne Nutzungen dieser Website von den vorgenannten Paragraphen abweichen, wird an entsprechender Stelle ausdr\u00fccklich darauf hingewiesen. In diesem Falle gelten im jeweiligen Einzelfall die besonderen Nutzungsbedingungen.<\/p>\t\t\t\t\t\t\t\t<\/div>\n\t\t\t\t<\/div>\n\t\t\t\t<\/div>\n\t\t\t\t\t<\/div>\n\t\t\t\t<\/div>\n\t\t\t\t<section class=\"elementor-section elementor-top-section elementor-element elementor-element-ca114d8 elementor-section-content-top elementor-section-boxed elementor-section-height-default elementor-section-height-default\" data-id=\"ca114d8\" data-element_type=\"section\" data-e-type=\"section\" data-settings=\"{&quot;background_background&quot;:&quot;classic&quot;}\">\n\t\t\t\t\t\t<div class=\"elementor-container elementor-column-gap-default\">\n\t\t\t\t\t<div class=\"elementor-column elementor-col-33 elementor-top-column elementor-element elementor-element-0bd52a0\" data-id=\"0bd52a0\" data-element_type=\"column\" data-e-type=\"column\">\n\t\t\t<div class=\"elementor-widget-wrap elementor-element-populated\">\n\t\t\t\t\t\t<div class=\"elementor-element elementor-element-6074434 elementor-widget elementor-widget-heading\" data-id=\"6074434\" data-element_type=\"widget\" data-e-type=\"widget\" data-widget_type=\"heading.default\">\n\t\t\t\t<div class=\"elementor-widget-container\">\n\t\t\t\t\t<h2 class=\"elementor-heading-title elementor-size-default\">Arbeitsgemeinschaft<br>Erhaltungszucht<br>bretonisches<br>Ouessantschaf<\/h2>\t\t\t\t<\/div>\n\t\t\t\t<\/div>\n\t\t\t\t\t<\/div>\n\t\t<\/div>\n\t\t\t\t<div class=\"elementor-column elementor-col-33 elementor-top-column elementor-element elementor-element-860585d\" data-id=\"860585d\" data-element_type=\"column\" data-e-type=\"column\">\n\t\t\t<div class=\"elementor-widget-wrap elementor-element-populated\">\n\t\t\t\t\t\t<div class=\"elementor-element elementor-element-ee0e781 elementor-widget elementor-widget-heading\" data-id=\"ee0e781\" data-element_type=\"widget\" data-e-type=\"widget\" data-widget_type=\"heading.default\">\n\t\t\t\t<div class=\"elementor-widget-container\">\n\t\t\t\t\t<h2 class=\"elementor-heading-title elementor-size-default\">Kontakt<\/h2>\t\t\t\t<\/div>\n\t\t\t\t<\/div>\n\t\t\t\t<div class=\"elementor-element elementor-element-cacf6f4 elementor-widget elementor-widget-text-editor\" data-id=\"cacf6f4\" data-element_type=\"widget\" data-e-type=\"widget\" data-widget_type=\"text-editor.default\">\n\t\t\t\t<div class=\"elementor-widget-container\">\n\t\t\t\t\t\t\t\t\t<p>J\u00fcrgen Schneider<br \/>26931 Elsfleth<br \/>0162 6889752 (zwischen 18-19:30 Uhr)<\/p><p>Cornelia Meyer<br \/>21368 Dahlem Harmstorf<br \/>05851 7434<br \/>taraxacum50@gmail.com<\/p><p>Arne Huch<br \/>21039 Hamburg<br \/>arne-huch@live.de<\/p>\t\t\t\t\t\t\t\t<\/div>\n\t\t\t\t<\/div>\n\t\t\t\t\t<\/div>\n\t\t<\/div>\n\t\t\t\t<div class=\"elementor-column elementor-col-33 elementor-top-column elementor-element elementor-element-2b21021\" data-id=\"2b21021\" data-element_type=\"column\" data-e-type=\"column\">\n\t\t\t<div class=\"elementor-widget-wrap elementor-element-populated\">\n\t\t\t\t\t\t<div class=\"elementor-element elementor-element-364035a elementor-widget__width-initial elementor-widget elementor-widget-image\" data-id=\"364035a\" data-element_type=\"widget\" data-e-type=\"widget\" data-widget_type=\"image.default\">\n\t\t\t\t<div class=\"elementor-widget-container\">\n\t\t\t\t\t\t\t\t\t\t\t\t\t\t\t<img decoding=\"async\" width=\"884\" height=\"1024\" src=\"https:\/\/ag-erhaltungszucht-ouessantschaf.de\/wp-content\/uploads\/2025\/03\/AG_Logo_2018_Flyer_front_black-1-e1741123435195-884x1024.png\" class=\"attachment-large size-large wp-image-754\" alt=\"\" srcset=\"https:\/\/ag-erhaltungszucht-ouessantschaf.de\/wp-content\/uploads\/2025\/03\/AG_Logo_2018_Flyer_front_black-1-e1741123435195-884x1024.png 884w, https:\/\/ag-erhaltungszucht-ouessantschaf.de\/wp-content\/uploads\/2025\/03\/AG_Logo_2018_Flyer_front_black-1-e1741123435195-259x300.png 259w, https:\/\/ag-erhaltungszucht-ouessantschaf.de\/wp-content\/uploads\/2025\/03\/AG_Logo_2018_Flyer_front_black-1-e1741123435195-768x890.png 768w, https:\/\/ag-erhaltungszucht-ouessantschaf.de\/wp-content\/uploads\/2025\/03\/AG_Logo_2018_Flyer_front_black-1-e1741123435195-1325x1536.png 1325w, https:\/\/ag-erhaltungszucht-ouessantschaf.de\/wp-content\/uploads\/2025\/03\/AG_Logo_2018_Flyer_front_black-1-e1741123435195.png 1327w\" sizes=\"(max-width: 884px) 100vw, 884px\" \/>\t\t\t\t\t\t\t\t\t\t\t\t\t\t\t<\/div>\n\t\t\t\t<\/div>\n\t\t\t\t\t<\/div>\n\t\t<\/div>\n\t\t\t\t\t<\/div>\n\t\t<\/section>\n\t\t\t\t<\/div>","protected":false},"excerpt":{"rendered":"<p>Impressum Interessengemeinschaft Ouessantschaf Deutschland e.V.1. VorsitzenderArmin BergmannMittelkanal rechts 3826871 PapenburgTelefon: 04961\/8332357E-Mail: schafzucht-bergmann[at]gmx.deVereinssitz: 26871 Papenburg Disclaimer \u2013 rechtliche Hinweise \u00a7 1 Warnhinweis zu Inhalten Die kostenlosen und frei zug\u00e4nglichen Inhalte dieser Webseite wurden mit gr\u00f6\u00dftm\u00f6glicher Sorgfalt erstellt. Der Anbieter dieser Webseite \u00fcbernimmt jedoch keine Gew\u00e4hr f\u00fcr die Richtigkeit und Aktualit\u00e4t der bereitgestellten kostenlosen und frei zug\u00e4nglichen [&hellip;]<\/p>","protected":false},"author":1,"featured_media":0,"parent":0,"menu_order":0,"comment_status":"closed","ping_status":"closed","template":"","meta":{"ocean_post_layout":"full-screen","ocean_both_sidebars_style":"","ocean_both_sidebars_content_width":0,"ocean_both_sidebars_sidebars_width":0,"ocean_sidebar":"","ocean_second_sidebar":"","ocean_disable_margins":"enable","ocean_add_body_class":"","ocean_shortcode_before_top_bar":"","ocean_shortcode_after_top_bar":"","ocean_shortcode_before_header":"","ocean_shortcode_after_header":"","ocean_has_shortcode":"","ocean_shortcode_after_title":"","ocean_shortcode_before_footer_widgets":"","ocean_shortcode_after_footer_widgets":"","ocean_shortcode_before_footer_bottom":"","ocean_shortcode_after_footer_bottom":"","ocean_display_top_bar":"off","ocean_display_header":"default","ocean_header_style":"","ocean_center_header_left_menu":"","ocean_custom_header_template":"","ocean_custom_logo":0,"ocean_custom_retina_logo":0,"ocean_custom_logo_max_width":0,"ocean_custom_logo_tablet_max_width":0,"ocean_custom_logo_mobile_max_width":0,"ocean_custom_logo_max_height":0,"ocean_custom_logo_tablet_max_height":0,"ocean_custom_logo_mobile_max_height":0,"ocean_header_custom_menu":"","ocean_menu_typo_font_family":"","ocean_menu_typo_font_subset":"","ocean_menu_typo_font_size":0,"ocean_menu_typo_font_size_tablet":0,"ocean_menu_typo_font_size_mobile":0,"ocean_menu_typo_font_size_unit":"px","ocean_menu_typo_font_weight":"","ocean_menu_typo_font_weight_tablet":"","ocean_menu_typo_font_weight_mobile":"","ocean_menu_typo_transform":"","ocean_menu_typo_transform_tablet":"","ocean_menu_typo_transform_mobile":"","ocean_menu_typo_line_height":0,"ocean_menu_typo_line_height_tablet":0,"ocean_menu_typo_line_height_mobile":0,"ocean_menu_typo_line_height_unit":"","ocean_menu_typo_spacing":0,"ocean_menu_typo_spacing_tablet":0,"ocean_menu_typo_spacing_mobile":0,"ocean_menu_typo_spacing_unit":"","ocean_menu_link_color":"","ocean_menu_link_color_hover":"","ocean_menu_link_color_active":"","ocean_menu_link_background":"","ocean_menu_link_hover_background":"","ocean_menu_link_active_background":"","ocean_menu_social_links_bg":"","ocean_menu_social_hover_links_bg":"","ocean_menu_social_links_color":"","ocean_menu_social_hover_links_color":"","ocean_disable_title":"on","ocean_disable_heading":"default","ocean_post_title":"","ocean_post_subheading":"","ocean_post_title_style":"","ocean_post_title_background_color":"","ocean_post_title_background":0,"ocean_post_title_bg_image_position":"","ocean_post_title_bg_image_attachment":"","ocean_post_title_bg_image_repeat":"","ocean_post_title_bg_image_size":"","ocean_post_title_height":0,"ocean_post_title_bg_overlay":0.5,"ocean_post_title_bg_overlay_color":"","ocean_disable_breadcrumbs":"default","ocean_breadcrumbs_color":"","ocean_breadcrumbs_separator_color":"","ocean_breadcrumbs_links_color":"","ocean_breadcrumbs_links_hover_color":"","ocean_display_footer_widgets":"off","ocean_display_footer_bottom":"default","ocean_custom_footer_template":"","footnotes":""},"class_list":["post-109","page","type-page","status-publish","hentry","entry"],"yoast_head":"<!-- This site is optimized with the Yoast SEO plugin v27.4 - https:\/\/yoast.com\/product\/yoast-seo-wordpress\/ -->\n<title>Impressum - Ouessant AG Erhaltungszucht<\/title>\n<meta name=\"robots\" content=\"index, follow, max-snippet:-1, max-image-preview:large, max-video-preview:-1\" \/>\n<link rel=\"canonical\" href=\"https:\/\/ag-erhaltungszucht-ouessantschaf.de\/fr\/impressum-3\/\" \/>\n<meta property=\"og:locale\" content=\"fr_FR\" \/>\n<meta property=\"og:type\" content=\"article\" \/>\n<meta property=\"og:title\" content=\"Impressum - Ouessant AG Erhaltungszucht\" \/>\n<meta property=\"og:description\" content=\"Impressum Interessengemeinschaft Ouessantschaf Deutschland e.V.1. VorsitzenderArmin BergmannMittelkanal rechts 3826871 PapenburgTelefon: 04961\/8332357E-Mail: schafzucht-bergmann[at]gmx.deVereinssitz: 26871 Papenburg Disclaimer \u2013 rechtliche Hinweise \u00a7 1 Warnhinweis zu Inhalten Die kostenlosen und frei zug\u00e4nglichen Inhalte dieser Webseite wurden mit gr\u00f6\u00dftm\u00f6glicher Sorgfalt erstellt. Der Anbieter dieser Webseite \u00fcbernimmt jedoch keine Gew\u00e4hr f\u00fcr die Richtigkeit und Aktualit\u00e4t der bereitgestellten kostenlosen und frei zug\u00e4nglichen [&hellip;]\" \/>\n<meta property=\"og:url\" content=\"https:\/\/ag-erhaltungszucht-ouessantschaf.de\/fr\/impressum-3\/\" \/>\n<meta property=\"og:site_name\" content=\"Ouessant AG Erhaltungszucht\" \/>\n<meta property=\"article:modified_time\" content=\"2025-03-11T12:18:28+00:00\" \/>\n<meta property=\"og:image\" content=\"https:\/\/ag-erhaltungszucht-ouessantschaf.de\/wp-content\/uploads\/2025\/03\/AG_Logo_2018_V-Karte_front_black-e1741125016533-1024x396.png\" \/>\n<meta name=\"twitter:card\" content=\"summary_large_image\" \/>\n<meta name=\"twitter:label1\" content=\"Dur\u00e9e de lecture estim\u00e9e\" \/>\n\t<meta name=\"twitter:data1\" content=\"3 minutes\" \/>\n<script type=\"application\/ld+json\" class=\"yoast-schema-graph\">{\"@context\":\"https:\\\/\\\/schema.org\",\"@graph\":[{\"@type\":\"WebPage\",\"@id\":\"https:\\\/\\\/ag-erhaltungszucht-ouessantschaf.de\\\/fr\\\/impressum-3\\\/\",\"url\":\"https:\\\/\\\/ag-erhaltungszucht-ouessantschaf.de\\\/fr\\\/impressum-3\\\/\",\"name\":\"Impressum - Ouessant AG Erhaltungszucht\",\"isPartOf\":{\"@id\":\"https:\\\/\\\/rosybrown-crocodile-517359.hostingersite.com\\\/fr\\\/#website\"},\"primaryImageOfPage\":{\"@id\":\"https:\\\/\\\/ag-erhaltungszucht-ouessantschaf.de\\\/fr\\\/impressum-3\\\/#primaryimage\"},\"image\":{\"@id\":\"https:\\\/\\\/ag-erhaltungszucht-ouessantschaf.de\\\/fr\\\/impressum-3\\\/#primaryimage\"},\"thumbnailUrl\":\"https:\\\/\\\/ag-erhaltungszucht-ouessantschaf.de\\\/wp-content\\\/uploads\\\/2025\\\/03\\\/AG_Logo_2018_V-Karte_front_black-e1741125016533-1024x396.png\",\"datePublished\":\"2024-07-31T14:26:32+00:00\",\"dateModified\":\"2025-03-11T12:18:28+00:00\",\"breadcrumb\":{\"@id\":\"https:\\\/\\\/ag-erhaltungszucht-ouessantschaf.de\\\/fr\\\/impressum-3\\\/#breadcrumb\"},\"inLanguage\":\"fr-FR\",\"potentialAction\":[{\"@type\":\"ReadAction\",\"target\":[\"https:\\\/\\\/ag-erhaltungszucht-ouessantschaf.de\\\/fr\\\/impressum-3\\\/\"]}]},{\"@type\":\"ImageObject\",\"inLanguage\":\"fr-FR\",\"@id\":\"https:\\\/\\\/ag-erhaltungszucht-ouessantschaf.de\\\/fr\\\/impressum-3\\\/#primaryimage\",\"url\":\"https:\\\/\\\/ag-erhaltungszucht-ouessantschaf.de\\\/wp-content\\\/uploads\\\/2025\\\/03\\\/AG_Logo_2018_V-Karte_front_black-e1741125016533-1024x396.png\",\"contentUrl\":\"https:\\\/\\\/ag-erhaltungszucht-ouessantschaf.de\\\/wp-content\\\/uploads\\\/2025\\\/03\\\/AG_Logo_2018_V-Karte_front_black-e1741125016533-1024x396.png\"},{\"@type\":\"BreadcrumbList\",\"@id\":\"https:\\\/\\\/ag-erhaltungszucht-ouessantschaf.de\\\/fr\\\/impressum-3\\\/#breadcrumb\",\"itemListElement\":[{\"@type\":\"ListItem\",\"position\":1,\"name\":\"Startseite\",\"item\":\"https:\\\/\\\/rosybrown-crocodile-517359.hostingersite.com\\\/fr\\\/\"},{\"@type\":\"ListItem\",\"position\":2,\"name\":\"Impressum\"}]},{\"@type\":\"WebSite\",\"@id\":\"https:\\\/\\\/rosybrown-crocodile-517359.hostingersite.com\\\/fr\\\/#website\",\"url\":\"https:\\\/\\\/rosybrown-crocodile-517359.hostingersite.com\\\/fr\\\/\",\"name\":\"Ouessant AG Erhaltungszucht\",\"description\":\"Erhaltungszucht bretonisches Ouessantschaf\",\"potentialAction\":[{\"@type\":\"SearchAction\",\"target\":{\"@type\":\"EntryPoint\",\"urlTemplate\":\"https:\\\/\\\/rosybrown-crocodile-517359.hostingersite.com\\\/fr\\\/?s={search_term_string}\"},\"query-input\":{\"@type\":\"PropertyValueSpecification\",\"valueRequired\":true,\"valueName\":\"search_term_string\"}}],\"inLanguage\":\"fr-FR\"}]}<\/script>\n<!-- \/ Yoast SEO plugin. -->","yoast_head_json":{"title":"Impressum - Ouessant AG Erhaltungszucht","robots":{"index":"index","follow":"follow","max-snippet":"max-snippet:-1","max-image-preview":"max-image-preview:large","max-video-preview":"max-video-preview:-1"},"canonical":"https:\/\/ag-erhaltungszucht-ouessantschaf.de\/fr\/impressum-3\/","og_locale":"fr_FR","og_type":"article","og_title":"Impressum - Ouessant AG Erhaltungszucht","og_description":"Impressum Interessengemeinschaft Ouessantschaf Deutschland e.V.1. VorsitzenderArmin BergmannMittelkanal rechts 3826871 PapenburgTelefon: 04961\/8332357E-Mail: schafzucht-bergmann[at]gmx.deVereinssitz: 26871 Papenburg Disclaimer \u2013 rechtliche Hinweise \u00a7 1 Warnhinweis zu Inhalten Die kostenlosen und frei zug\u00e4nglichen Inhalte dieser Webseite wurden mit gr\u00f6\u00dftm\u00f6glicher Sorgfalt erstellt. Der Anbieter dieser Webseite \u00fcbernimmt jedoch keine Gew\u00e4hr f\u00fcr die Richtigkeit und Aktualit\u00e4t der bereitgestellten kostenlosen und frei zug\u00e4nglichen [&hellip;]","og_url":"https:\/\/ag-erhaltungszucht-ouessantschaf.de\/fr\/impressum-3\/","og_site_name":"Ouessant AG Erhaltungszucht","article_modified_time":"2025-03-11T12:18:28+00:00","og_image":[{"url":"https:\/\/ag-erhaltungszucht-ouessantschaf.de\/wp-content\/uploads\/2025\/03\/AG_Logo_2018_V-Karte_front_black-e1741125016533-1024x396.png","type":"","width":"","height":""}],"twitter_card":"summary_large_image","twitter_misc":{"Dur\u00e9e de lecture estim\u00e9e":"3 minutes"},"schema":{"@context":"https:\/\/schema.org","@graph":[{"@type":"WebPage","@id":"https:\/\/ag-erhaltungszucht-ouessantschaf.de\/fr\/impressum-3\/","url":"https:\/\/ag-erhaltungszucht-ouessantschaf.de\/fr\/impressum-3\/","name":"Impressum - Ouessant AG Erhaltungszucht","isPartOf":{"@id":"https:\/\/rosybrown-crocodile-517359.hostingersite.com\/fr\/#website"},"primaryImageOfPage":{"@id":"https:\/\/ag-erhaltungszucht-ouessantschaf.de\/fr\/impressum-3\/#primaryimage"},"image":{"@id":"https:\/\/ag-erhaltungszucht-ouessantschaf.de\/fr\/impressum-3\/#primaryimage"},"thumbnailUrl":"https:\/\/ag-erhaltungszucht-ouessantschaf.de\/wp-content\/uploads\/2025\/03\/AG_Logo_2018_V-Karte_front_black-e1741125016533-1024x396.png","datePublished":"2024-07-31T14:26:32+00:00","dateModified":"2025-03-11T12:18:28+00:00","breadcrumb":{"@id":"https:\/\/ag-erhaltungszucht-ouessantschaf.de\/fr\/impressum-3\/#breadcrumb"},"inLanguage":"fr-FR","potentialAction":[{"@type":"ReadAction","target":["https:\/\/ag-erhaltungszucht-ouessantschaf.de\/fr\/impressum-3\/"]}]},{"@type":"ImageObject","inLanguage":"fr-FR","@id":"https:\/\/ag-erhaltungszucht-ouessantschaf.de\/fr\/impressum-3\/#primaryimage","url":"https:\/\/ag-erhaltungszucht-ouessantschaf.de\/wp-content\/uploads\/2025\/03\/AG_Logo_2018_V-Karte_front_black-e1741125016533-1024x396.png","contentUrl":"https:\/\/ag-erhaltungszucht-ouessantschaf.de\/wp-content\/uploads\/2025\/03\/AG_Logo_2018_V-Karte_front_black-e1741125016533-1024x396.png"},{"@type":"BreadcrumbList","@id":"https:\/\/ag-erhaltungszucht-ouessantschaf.de\/fr\/impressum-3\/#breadcrumb","itemListElement":[{"@type":"ListItem","position":1,"name":"Startseite","item":"https:\/\/rosybrown-crocodile-517359.hostingersite.com\/fr\/"},{"@type":"ListItem","position":2,"name":"Impressum"}]},{"@type":"WebSite","@id":"https:\/\/rosybrown-crocodile-517359.hostingersite.com\/fr\/#website","url":"https:\/\/rosybrown-crocodile-517359.hostingersite.com\/fr\/","name":"Ouessant AG Erhaltungszucht","description":"Erhaltungszucht bretonisches Ouessantschaf","potentialAction":[{"@type":"SearchAction","target":{"@type":"EntryPoint","urlTemplate":"https:\/\/rosybrown-crocodile-517359.hostingersite.com\/fr\/?s={search_term_string}"},"query-input":{"@type":"PropertyValueSpecification","valueRequired":true,"valueName":"search_term_string"}}],"inLanguage":"fr-FR"}]}},"_links":{"self":[{"href":"https:\/\/ag-erhaltungszucht-ouessantschaf.de\/fr\/wp-json\/wp\/v2\/pages\/109","targetHints":{"allow":["GET"]}}],"collection":[{"href":"https:\/\/ag-erhaltungszucht-ouessantschaf.de\/fr\/wp-json\/wp\/v2\/pages"}],"about":[{"href":"https:\/\/ag-erhaltungszucht-ouessantschaf.de\/fr\/wp-json\/wp\/v2\/types\/page"}],"author":[{"embeddable":true,"href":"https:\/\/ag-erhaltungszucht-ouessantschaf.de\/fr\/wp-json\/wp\/v2\/users\/1"}],"replies":[{"embeddable":true,"href":"https:\/\/ag-erhaltungszucht-ouessantschaf.de\/fr\/wp-json\/wp\/v2\/comments?post=109"}],"version-history":[{"count":17,"href":"https:\/\/ag-erhaltungszucht-ouessantschaf.de\/fr\/wp-json\/wp\/v2\/pages\/109\/revisions"}],"predecessor-version":[{"id":1113,"href":"https:\/\/ag-erhaltungszucht-ouessantschaf.de\/fr\/wp-json\/wp\/v2\/pages\/109\/revisions\/1113"}],"wp:attachment":[{"href":"https:\/\/ag-erhaltungszucht-ouessantschaf.de\/fr\/wp-json\/wp\/v2\/media?parent=109"}],"curies":[{"name":"wp","href":"https:\/\/api.w.org\/{rel}","templated":true}]}}